{"id":1039,"date":"2024-05-10T10:23:22","date_gmt":"2024-05-10T15:23:22","guid":{"rendered":"https:\/\/lpv.edu.co\/web\/?page_id=1039"},"modified":"2024-07-24T14:36:04","modified_gmt":"2024-07-24T19:36:04","slug":"bachillerato","status":"publish","type":"page","link":"https:\/\/liceopinoverde.edu.co\/index.php\/bachillerato\/","title":{"rendered":"Bachillerato"},"content":{"rendered":"\n<div class=\"wp-block-group alignfull bg-pattern has-base-color has-accent-background-color has-text-color has-background has-link-color wp-elements-9af8bb03e2e7687b325b26a5a37d8bc9 has-global-padding is-layout-constrained wp-container-core-group-is-layout-1 wp-block-group-is-layout-constrained\" style=\"margin-top:0;margin-bottom:0;padding-top:var(--wp--preset--spacing--50);padding-right:var(--wp--preset--spacing--50);padding-bottom:var(--wp--preset--spacing--50);padding-left:var(--wp--preset--spacing--50)\">\n<p class=\"has-heading-font-family has-x-large-font-size\" style=\"line-height:1.2\">Bachillerato   abre sus puertas desde el grado 6\u00b0 a 12\u00b0, para ni\u00f1os y ni\u00f1as edades de 11 y 19 a\u00f1os<\/p>\n\n\n\n<div style=\"height:var(--wp--preset--spacing--40)\" aria-hidden=\"true\" class=\"wp-block-spacer\"><\/div>\n\n\n\n<figure class=\"wp-block-image alignwide size-large is-style-rounded is-style-rounded--1\"><img loading=\"lazy\" decoding=\"async\" width=\"1024\" height=\"683\" src=\"https:\/\/lpv.edu.co\/web\/wp-content\/uploads\/2024\/05\/DSC_0924-scaled-1-1024x683.jpg\" alt=\"\" class=\"wp-image-1057\" srcset=\"https:\/\/liceopinoverde.edu.co\/wp-content\/uploads\/2024\/05\/DSC_0924-scaled-1-1024x683.jpg 1024w, https:\/\/liceopinoverde.edu.co\/wp-content\/uploads\/2024\/05\/DSC_0924-scaled-1-300x200.jpg 300w, https:\/\/liceopinoverde.edu.co\/wp-content\/uploads\/2024\/05\/DSC_0924-scaled-1-768x512.jpg 768w, https:\/\/liceopinoverde.edu.co\/wp-content\/uploads\/2024\/05\/DSC_0924-scaled-1-1536x1025.jpg 1536w, https:\/\/liceopinoverde.edu.co\/wp-content\/uploads\/2024\/05\/DSC_0924-scaled-1-2048x1366.jpg 2048w\" sizes=\"auto, (max-width: 1024px) 100vw, 1024px\" \/><\/figure>\n<\/div>\n\n\n\n<div class=\"wp-block-group school-program-ib-block is-layout-flow wp-block-group-is-layout-flow\">\n<div class=\"wp-block-group has-global-padding is-layout-constrained wp-block-group-is-layout-constrained\" style=\"padding-top:var(--wp--preset--spacing--40);padding-bottom:var(--wp--preset--spacing--40)\">\n<h2 class=\"wp-block-heading has-text-align-center\">Somos Colegio del Mundo del IB<\/h2>\n\n\n\n<div class=\"wp-block-group has-global-padding is-layout-constrained wp-block-group-is-layout-constrained\">\n<figure class=\"wp-block-image aligncenter size-full\"><img loading=\"lazy\" decoding=\"async\" width=\"481\" height=\"189\" src=\"https:\/\/lpv.edu.co\/web\/wp-content\/uploads\/2024\/05\/MYP-Program.png\" alt=\"\" class=\"wp-image-1105\" srcset=\"https:\/\/liceopinoverde.edu.co\/wp-content\/uploads\/2024\/05\/MYP-Program.png 481w, https:\/\/liceopinoverde.edu.co\/wp-content\/uploads\/2024\/05\/MYP-Program-300x118.png 300w\" sizes=\"auto, (max-width: 481px) 100vw, 481px\" \/><\/figure>\n\n\n\n<p>El Programa de los A\u00f1os Intermedios (PAI) del Bachillerato Internacional (IB) es un marco acad\u00e9mico riguroso que anima a los alumnos de 11 a 16 a\u00f1os a establecer conexiones pr\u00e1cticas entre sus estudios y el mundo real.<\/p>\n<\/div>\n\n\n\n<div class=\"wp-block-group has-global-padding is-layout-constrained wp-block-group-is-layout-constrained\">\n<figure class=\"wp-block-image aligncenter size-full\"><img loading=\"lazy\" decoding=\"async\" width=\"481\" height=\"189\" src=\"https:\/\/lpv.edu.co\/web\/wp-content\/uploads\/2024\/04\/DP-Program.png\" alt=\"\" class=\"wp-image-381\" srcset=\"https:\/\/liceopinoverde.edu.co\/wp-content\/uploads\/2024\/04\/DP-Program.png 481w, https:\/\/liceopinoverde.edu.co\/wp-content\/uploads\/2024\/04\/DP-Program-300x118.png 300w\" sizes=\"auto, (max-width: 481px) 100vw, 481px\" \/><\/figure>\n\n\n\n<p>Programa destinado a alumnos de 16 a 19 a\u00f1os quienes cursan sus \u00faltimos a\u00f1os y tiene como objetivo formar estudiantes que logren una excelente amplitud y profundidad en sus conocimientos, al tiempo que crezcan f\u00edsica, intelectual, emocional y \u00e9ticamente.<\/p>\n<\/div>\n<\/div>\n<\/div>\n\n\n\n<div class=\"wp-block-group has-global-padding is-layout-constrained wp-block-group-is-layout-constrained\">\n<p class=\"has-body-font-family has-x-large-font-size\" style=\"line-height:1.2\">Los estudiantes de Bachillerato experimentan un fortalecimiento de habilidades clave para el desarrollo acad\u00e9mico y personal.<\/p>\n\n\n\n<div class=\"wp-block-columns is-layout-flex wp-container-core-columns-is-layout-1 wp-block-columns-is-layout-flex\">\n<div class=\"wp-block-column is-layout-flow wp-block-column-is-layout-flow\">\n<p>La adquisici\u00f3n y refuerzo de estas consolidan las bases para la formaci\u00f3n de individuos que piensan, indagan, socializan, comunican y se autogestionan exitosamente de manera interdisciplinar.<\/p>\n<\/div>\n\n\n\n<div class=\"wp-block-column is-layout-flow wp-block-column-is-layout-flow\">\n<p>Siempre guiados por los valores institucionales del Respeto, Responsabilidad y Honestidad que denotan el car\u00e1cter profundamente humanista de la instituci\u00f3n.<\/p>\n<\/div>\n<\/div>\n\n\n\n<div style=\"height:24px\" aria-hidden=\"true\" class=\"wp-block-spacer\"><\/div>\n<\/div>\n\n\n\n<div class=\"wp-block-cover alignfull is-light has-parallax\" style=\"padding-top:var(--wp--preset--spacing--50);padding-right:var(--wp--preset--spacing--50);padding-bottom:var(--wp--preset--spacing--50);padding-left:var(--wp--preset--spacing--50);min-height:100vh;aspect-ratio:unset;\"><span aria-hidden=\"true\" class=\"wp-block-cover__background has-base-background-color has-background-dim-0 has-background-dim\"><\/span><div role=\"img\" class=\"wp-block-cover__image-background wp-image-1055 has-parallax\" style=\"background-position:50% 50%;background-image:url(https:\/\/lpv.edu.co\/web\/wp-content\/uploads\/2024\/05\/DSC_0358.jpg)\"><\/div><div class=\"wp-block-cover__inner-container has-global-padding is-layout-constrained wp-container-core-cover-is-layout-1 wp-block-cover-is-layout-constrained\">\n<div style=\"height:500px\" aria-hidden=\"true\" class=\"wp-block-spacer\"><\/div>\n<\/div><\/div>\n\n\n\n<div class=\"wp-block-group alignfull bg-pattern has-base-color has-accent-background-color has-text-color has-background has-link-color wp-elements-78b0b4d06d0bd6f4a0082e81714c2cad has-global-padding is-layout-constrained wp-container-core-group-is-layout-8 wp-block-group-is-layout-constrained\" style=\"margin-top:0;margin-bottom:0;padding-top:var(--wp--preset--spacing--60);padding-right:var(--wp--preset--spacing--60);padding-bottom:var(--wp--preset--spacing--60);padding-left:var(--wp--preset--spacing--60)\">\n<div class=\"wp-block-group alignwide is-layout-flow wp-block-group-is-layout-flow\">\n<div style=\"height:var(--wp--preset--spacing--50)\" aria-hidden=\"true\" class=\"wp-block-spacer\"><\/div>\n\n\n\n<p class=\"has-text-align-center has-heading-font-family has-x-large-font-size\" style=\"font-style:normal;font-weight:400;line-height:1.2\">Nuestros estudiantes logran una excelente amplitud y profundidad en sus conocimientos, al tiempo que crecen f\u00edsica, intelectual, emocional y \u00e9ticamente.<\/p>\n\n\n\n<div style=\"height:var(--wp--preset--spacing--50)\" aria-hidden=\"true\" class=\"wp-block-spacer\"><\/div>\n<\/div>\n<\/div>\n\n\n\n<div style=\"height:32px\" aria-hidden=\"true\" class=\"wp-block-spacer wave-bottom-green bg-white\"><\/div>\n\n\n\n<div class=\"wp-block-group alignfull has-global-padding is-layout-constrained wp-container-core-group-is-layout-9 wp-block-group-is-layout-constrained\" style=\"margin-top:0;margin-bottom:0;padding-top:var(--wp--preset--spacing--50);padding-right:var(--wp--preset--spacing--50);padding-bottom:var(--wp--preset--spacing--50);padding-left:var(--wp--preset--spacing--50)\">\n<figure class=\"wp-block-image alignwide size-large is-style-rounded is-style-rounded--2\"><img loading=\"lazy\" decoding=\"async\" width=\"1024\" height=\"683\" src=\"https:\/\/lpv.edu.co\/web\/wp-content\/uploads\/2024\/05\/DSC_0516-scaled-1-1024x683.jpg\" alt=\"\" class=\"wp-image-1059\" srcset=\"https:\/\/liceopinoverde.edu.co\/wp-content\/uploads\/2024\/05\/DSC_0516-scaled-1-1024x683.jpg 1024w, https:\/\/liceopinoverde.edu.co\/wp-content\/uploads\/2024\/05\/DSC_0516-scaled-1-300x200.jpg 300w, https:\/\/liceopinoverde.edu.co\/wp-content\/uploads\/2024\/05\/DSC_0516-scaled-1-768x512.jpg 768w, https:\/\/liceopinoverde.edu.co\/wp-content\/uploads\/2024\/05\/DSC_0516-scaled-1-1536x1025.jpg 1536w, https:\/\/liceopinoverde.edu.co\/wp-content\/uploads\/2024\/05\/DSC_0516-scaled-1-2048x1366.jpg 2048w\" sizes=\"auto, (max-width: 1024px) 100vw, 1024px\" \/><\/figure>\n<\/div>\n\n\n\n<div class=\"wp-block-group has-global-padding is-layout-constrained wp-block-group-is-layout-constrained\">\n<p class=\"has-x-large-font-size\" style=\"line-height:1.2\">Los estudiantes establecen conexiones pr\u00e1cticas entre sus estudios y el mundo real.<\/p>\n\n\n\n<div class=\"wp-block-columns is-layout-flex wp-container-core-columns-is-layout-2 wp-block-columns-is-layout-flex\">\n<div class=\"wp-block-column is-layout-flow wp-block-column-is-layout-flow\">\n<p>Ofrecemos a nuestros estudiantes la multidisciplinariedad que les permite perfilar su proyecto de vida desde gustos y fortalezas acad\u00e9micas<\/p>\n<\/div>\n\n\n\n<div class=\"wp-block-column is-layout-flow wp-block-column-is-layout-flow\">\n<p>apuntando a la rigurosidad y el desarrollo de habilidades de pensamiento cr\u00edtico, comunicaci\u00f3n asertiva y aprendizaje \u00e9tico.<\/p>\n<\/div>\n<\/div>\n\n\n\n<div style=\"height:48px\" aria-hidden=\"true\" class=\"wp-block-spacer\"><\/div>\n<\/div>\n\n\n\n<div class=\"wp-block-group school-level-equivalence-block has-global-padding is-layout-constrained wp-block-group-is-layout-constrained\">\n<h2 class=\"wp-block-heading\">Equivalencia y Alineaci\u00f3n Curricular<\/h2>\n\n\n\n<p>La nomenclatura del Liceo Pino Verde est\u00e1 dise\u00f1ada para alinear los programas acad\u00e9micos con los est\u00e1ndares del Bachillerato Internacional (IB), al tiempo que se cumplen con los requisitos establecidos por el Ministerio de Educaci\u00f3n Nacional (MEN). Esta integraci\u00f3n asegura que los estudiantes reciban una educaci\u00f3n de calidad que cumpla con los est\u00e1ndares globales y nacionales. A continuaci\u00f3n, presentamos la equivalencia de grados entre el Ministerio de Educaci\u00f3n Nacional (MEN), el Liceo Pino Verde y el Bachillerato Internacional (IB):<\/p>\n\n\n\n<figure data-wp-context=\"{&quot;imageId&quot;:&quot;69d984b914d15&quot;}\" data-wp-interactive=\"core\/image\" class=\"wp-block-image size-large wp-lightbox-container\"><img loading=\"lazy\" decoding=\"async\" width=\"1024\" height=\"820\" data-wp-class--hide=\"state.isContentHidden\" data-wp-class--show=\"state.isContentVisible\" data-wp-init=\"callbacks.setButtonStyles\" data-wp-on-async--click=\"actions.showLightbox\" data-wp-on-async--load=\"callbacks.setButtonStyles\" data-wp-on-async-window--resize=\"callbacks.setButtonStyles\" src=\"https:\/\/lpv.edu.co\/web\/wp-content\/uploads\/2024\/07\/men_lpv_ib_table-1024x820.png\" alt=\"\" class=\"wp-image-2709\" srcset=\"https:\/\/liceopinoverde.edu.co\/wp-content\/uploads\/2024\/07\/men_lpv_ib_table-1024x820.png 1024w, https:\/\/liceopinoverde.edu.co\/wp-content\/uploads\/2024\/07\/men_lpv_ib_table-300x240.png 300w, https:\/\/liceopinoverde.edu.co\/wp-content\/uploads\/2024\/07\/men_lpv_ib_table-768x615.png 768w, https:\/\/liceopinoverde.edu.co\/wp-content\/uploads\/2024\/07\/men_lpv_ib_table.png 1122w\" sizes=\"auto, (max-width: 1024px) 100vw, 1024px\" \/><button\n\t\t\tclass=\"lightbox-trigger\"\n\t\t\ttype=\"button\"\n\t\t\taria-haspopup=\"dialog\"\n\t\t\taria-label=\"Ampliar la imagen\"\n\t\t\tdata-wp-init=\"callbacks.initTriggerButton\"\n\t\t\tdata-wp-on-async--click=\"actions.showLightbox\"\n\t\t\tdata-wp-style--right=\"state.imageButtonRight\"\n\t\t\tdata-wp-style--top=\"state.imageButtonTop\"\n\t\t>\n\t\t\t<svg xmlns=\"http:\/\/www.w3.org\/2000\/svg\" width=\"12\" height=\"12\" fill=\"none\" viewBox=\"0 0 12 12\">\n\t\t\t\t<path fill=\"#fff\" d=\"M2 0a2 2 0 0 0-2 2v2h1.5V2a.5.5 0 0 1 .5-.5h2V0H2Zm2 10.5H2a.5.5 0 0 1-.5-.5V8H0v2a2 2 0 0 0 2 2h2v-1.5ZM8 12v-1.5h2a.5.5 0 0 0 .5-.5V8H12v2a2 2 0 0 1-2 2H8Zm2-12a2 2 0 0 1 2 2v2h-1.5V2a.5.5 0 0 0-.5-.5H8V0h2Z\" \/>\n\t\t\t<\/svg>\n\t\t<\/button><\/figure>\n<\/div>\n\n\n\n<div style=\"height:100px\" aria-hidden=\"true\" class=\"wp-block-spacer\"><\/div>\n","protected":false},"excerpt":{"rendered":"<p>Bachillerato abre sus puertas desde el grado 6\u00b0 a 12\u00b0, para ni\u00f1os y ni\u00f1as edades de 11 y 19 a\u00f1os Somos Colegio del Mundo del IB El Programa de los A\u00f1os Intermedios (PAI) del Bachillerato Internacional (IB) es un marco acad\u00e9mico riguroso que anima a los alumnos de 11 a 16 a\u00f1os a establecer conexiones [&hellip;]<\/p>\n","protected":false},"author":1,"featured_media":1037,"parent":0,"menu_order":0,"comment_status":"closed","ping_status":"closed","template":"","meta":{"footnotes":""},"class_list":["post-1039","page","type-page","status-publish","has-post-thumbnail","hentry"],"jetpack_sharing_enabled":true,"_links":{"self":[{"href":"https:\/\/liceopinoverde.edu.co\/index.php\/wp-json\/wp\/v2\/pages\/1039","targetHints":{"allow":["GET"]}}],"collection":[{"href":"https:\/\/liceopinoverde.edu.co\/index.php\/wp-json\/wp\/v2\/pages"}],"about":[{"href":"https:\/\/liceopinoverde.edu.co\/index.php\/wp-json\/wp\/v2\/types\/page"}],"author":[{"embeddable":true,"href":"https:\/\/liceopinoverde.edu.co\/index.php\/wp-json\/wp\/v2\/users\/1"}],"replies":[{"embeddable":true,"href":"https:\/\/liceopinoverde.edu.co\/index.php\/wp-json\/wp\/v2\/comments?post=1039"}],"version-history":[{"count":19,"href":"https:\/\/liceopinoverde.edu.co\/index.php\/wp-json\/wp\/v2\/pages\/1039\/revisions"}],"predecessor-version":[{"id":2706,"href":"https:\/\/liceopinoverde.edu.co\/index.php\/wp-json\/wp\/v2\/pages\/1039\/revisions\/2706"}],"wp:featuredmedia":[{"embeddable":true,"href":"https:\/\/liceopinoverde.edu.co\/index.php\/wp-json\/wp\/v2\/media\/1037"}],"wp:attachment":[{"href":"https:\/\/liceopinoverde.edu.co\/index.php\/wp-json\/wp\/v2\/media?parent=1039"}],"curies":[{"name":"wp","href":"https:\/\/api.w.org\/{rel}","templated":true}]}}