{"id":1088,"date":"2024-05-10T12:09:44","date_gmt":"2024-05-10T17:09:44","guid":{"rendered":"https:\/\/lpv.edu.co\/web\/?page_id=1088"},"modified":"2024-10-09T11:26:55","modified_gmt":"2024-10-09T16:26:55","slug":"learning-pods","status":"publish","type":"page","link":"https:\/\/liceopinoverde.edu.co\/index.php\/learning-pods\/","title":{"rendered":"Learning Pods"},"content":{"rendered":"\n<div style=\"height:100px\" aria-hidden=\"true\" class=\"wp-block-spacer\"><\/div>\n\n\n\n<div class=\"wp-block-group has-global-padding is-layout-constrained wp-block-group-is-layout-constrained\">\n<p class=\"has-large-font-size\" style=\"line-height:1.2\">Cuenta con diferentes actividades de car\u00e1cter acad\u00e9mico, formativo y de desarrollo de habilidades de la mano de nuestro trabajo curricular a trav\u00e9s de las unidades de indagaci\u00f3n en pro del mejoramiento de los estudiantes en la segunda lengua (ingl\u00e9s).<\/p>\n<\/div>\n\n\n\n<div style=\"height:100px\" aria-hidden=\"true\" class=\"wp-block-spacer wave wave-white bg-blue\"><\/div>\n\n\n\n<div class=\"wp-block-group bg-blue has-global-padding is-layout-constrained wp-block-group-is-layout-constrained\">\n<figure class=\"wp-block-gallery has-nested-images columns-default is-cropped has-contrast-2-background-color has-background wp-block-gallery-1 is-layout-flex wp-block-gallery-is-layout-flex\">\n<figure data-wp-context=\"{&quot;imageId&quot;:&quot;69d25625bdc7b&quot;}\" data-wp-interactive=\"core\/image\" class=\"wp-block-image size-large wp-lightbox-container\"><img loading=\"lazy\" decoding=\"async\" width=\"1024\" height=\"683\" data-wp-class--hide=\"state.isContentHidden\" data-wp-class--show=\"state.isContentVisible\" data-wp-init=\"callbacks.setButtonStyles\" data-wp-on-async--click=\"actions.showLightbox\" data-wp-on-async--load=\"callbacks.setButtonStyles\" data-wp-on-async-window--resize=\"callbacks.setButtonStyles\" src=\"https:\/\/lpv.edu.co\/web\/wp-content\/uploads\/2024\/06\/DSC_0368-1024x683.jpg\" alt=\"\" class=\"wp-image-1484\" srcset=\"https:\/\/liceopinoverde.edu.co\/wp-content\/uploads\/2024\/06\/DSC_0368-1024x683.jpg 1024w, https:\/\/liceopinoverde.edu.co\/wp-content\/uploads\/2024\/06\/DSC_0368-300x200.jpg 300w, https:\/\/liceopinoverde.edu.co\/wp-content\/uploads\/2024\/06\/DSC_0368-768x512.jpg 768w, https:\/\/liceopinoverde.edu.co\/wp-content\/uploads\/2024\/06\/DSC_0368-1536x1024.jpg 1536w, https:\/\/liceopinoverde.edu.co\/wp-content\/uploads\/2024\/06\/DSC_0368-2048x1365.jpg 2048w\" sizes=\"auto, (max-width: 1024px) 100vw, 1024px\" \/><button\n\t\t\tclass=\"lightbox-trigger\"\n\t\t\ttype=\"button\"\n\t\t\taria-haspopup=\"dialog\"\n\t\t\taria-label=\"Ampliar la imagen\"\n\t\t\tdata-wp-init=\"callbacks.initTriggerButton\"\n\t\t\tdata-wp-on-async--click=\"actions.showLightbox\"\n\t\t\tdata-wp-style--right=\"state.imageButtonRight\"\n\t\t\tdata-wp-style--top=\"state.imageButtonTop\"\n\t\t>\n\t\t\t<svg xmlns=\"http:\/\/www.w3.org\/2000\/svg\" width=\"12\" height=\"12\" fill=\"none\" viewBox=\"0 0 12 12\">\n\t\t\t\t<path fill=\"#fff\" d=\"M2 0a2 2 0 0 0-2 2v2h1.5V2a.5.5 0 0 1 .5-.5h2V0H2Zm2 10.5H2a.5.5 0 0 1-.5-.5V8H0v2a2 2 0 0 0 2 2h2v-1.5ZM8 12v-1.5h2a.5.5 0 0 0 .5-.5V8H12v2a2 2 0 0 1-2 2H8Zm2-12a2 2 0 0 1 2 2v2h-1.5V2a.5.5 0 0 0-.5-.5H8V0h2Z\" \/>\n\t\t\t<\/svg>\n\t\t<\/button><\/figure>\n\n\n\n<figure data-wp-context=\"{&quot;imageId&quot;:&quot;69d25625be445&quot;}\" data-wp-interactive=\"core\/image\" class=\"wp-block-image size-large wp-lightbox-container\"><img loading=\"lazy\" decoding=\"async\" width=\"1024\" height=\"683\" data-wp-class--hide=\"state.isContentHidden\" data-wp-class--show=\"state.isContentVisible\" data-wp-init=\"callbacks.setButtonStyles\" data-wp-on-async--click=\"actions.showLightbox\" data-wp-on-async--load=\"callbacks.setButtonStyles\" data-wp-on-async-window--resize=\"callbacks.setButtonStyles\" src=\"https:\/\/lpv.edu.co\/web\/wp-content\/uploads\/2024\/06\/DSC_0372-1024x683.jpg\" alt=\"\" class=\"wp-image-1483\" srcset=\"https:\/\/liceopinoverde.edu.co\/wp-content\/uploads\/2024\/06\/DSC_0372-1024x683.jpg 1024w, https:\/\/liceopinoverde.edu.co\/wp-content\/uploads\/2024\/06\/DSC_0372-300x200.jpg 300w, https:\/\/liceopinoverde.edu.co\/wp-content\/uploads\/2024\/06\/DSC_0372-768x512.jpg 768w, https:\/\/liceopinoverde.edu.co\/wp-content\/uploads\/2024\/06\/DSC_0372-1536x1024.jpg 1536w, https:\/\/liceopinoverde.edu.co\/wp-content\/uploads\/2024\/06\/DSC_0372-2048x1365.jpg 2048w\" sizes=\"auto, (max-width: 1024px) 100vw, 1024px\" \/><button\n\t\t\tclass=\"lightbox-trigger\"\n\t\t\ttype=\"button\"\n\t\t\taria-haspopup=\"dialog\"\n\t\t\taria-label=\"Ampliar la imagen\"\n\t\t\tdata-wp-init=\"callbacks.initTriggerButton\"\n\t\t\tdata-wp-on-async--click=\"actions.showLightbox\"\n\t\t\tdata-wp-style--right=\"state.imageButtonRight\"\n\t\t\tdata-wp-style--top=\"state.imageButtonTop\"\n\t\t>\n\t\t\t<svg xmlns=\"http:\/\/www.w3.org\/2000\/svg\" width=\"12\" height=\"12\" fill=\"none\" viewBox=\"0 0 12 12\">\n\t\t\t\t<path fill=\"#fff\" d=\"M2 0a2 2 0 0 0-2 2v2h1.5V2a.5.5 0 0 1 .5-.5h2V0H2Zm2 10.5H2a.5.5 0 0 1-.5-.5V8H0v2a2 2 0 0 0 2 2h2v-1.5ZM8 12v-1.5h2a.5.5 0 0 0 .5-.5V8H12v2a2 2 0 0 1-2 2H8Zm2-12a2 2 0 0 1 2 2v2h-1.5V2a.5.5 0 0 0-.5-.5H8V0h2Z\" \/>\n\t\t\t<\/svg>\n\t\t<\/button><\/figure>\n\n\n\n<figure data-wp-context=\"{&quot;imageId&quot;:&quot;69d25625be841&quot;}\" data-wp-interactive=\"core\/image\" class=\"wp-block-image size-large wp-lightbox-container\"><img loading=\"lazy\" decoding=\"async\" width=\"1024\" height=\"768\" data-wp-class--hide=\"state.isContentHidden\" data-wp-class--show=\"state.isContentVisible\" data-wp-init=\"callbacks.setButtonStyles\" data-wp-on-async--click=\"actions.showLightbox\" data-wp-on-async--load=\"callbacks.setButtonStyles\" data-wp-on-async-window--resize=\"callbacks.setButtonStyles\" src=\"https:\/\/lpv.edu.co\/web\/wp-content\/uploads\/2024\/06\/WhatsApp-Image-2022-06-07-at-3.48.29-PM-1024x768.jpeg\" alt=\"\" class=\"wp-image-1478\" srcset=\"https:\/\/liceopinoverde.edu.co\/wp-content\/uploads\/2024\/06\/WhatsApp-Image-2022-06-07-at-3.48.29-PM-1024x768.jpeg 1024w, https:\/\/liceopinoverde.edu.co\/wp-content\/uploads\/2024\/06\/WhatsApp-Image-2022-06-07-at-3.48.29-PM-300x225.jpeg 300w, https:\/\/liceopinoverde.edu.co\/wp-content\/uploads\/2024\/06\/WhatsApp-Image-2022-06-07-at-3.48.29-PM-768x576.jpeg 768w, https:\/\/liceopinoverde.edu.co\/wp-content\/uploads\/2024\/06\/WhatsApp-Image-2022-06-07-at-3.48.29-PM-1536x1152.jpeg 1536w, https:\/\/liceopinoverde.edu.co\/wp-content\/uploads\/2024\/06\/WhatsApp-Image-2022-06-07-at-3.48.29-PM.jpeg 1600w\" sizes=\"auto, (max-width: 1024px) 100vw, 1024px\" \/><button\n\t\t\tclass=\"lightbox-trigger\"\n\t\t\ttype=\"button\"\n\t\t\taria-haspopup=\"dialog\"\n\t\t\taria-label=\"Ampliar la imagen\"\n\t\t\tdata-wp-init=\"callbacks.initTriggerButton\"\n\t\t\tdata-wp-on-async--click=\"actions.showLightbox\"\n\t\t\tdata-wp-style--right=\"state.imageButtonRight\"\n\t\t\tdata-wp-style--top=\"state.imageButtonTop\"\n\t\t>\n\t\t\t<svg xmlns=\"http:\/\/www.w3.org\/2000\/svg\" width=\"12\" height=\"12\" fill=\"none\" viewBox=\"0 0 12 12\">\n\t\t\t\t<path fill=\"#fff\" d=\"M2 0a2 2 0 0 0-2 2v2h1.5V2a.5.5 0 0 1 .5-.5h2V0H2Zm2 10.5H2a.5.5 0 0 1-.5-.5V8H0v2a2 2 0 0 0 2 2h2v-1.5ZM8 12v-1.5h2a.5.5 0 0 0 .5-.5V8H12v2a2 2 0 0 1-2 2H8Zm2-12a2 2 0 0 1 2 2v2h-1.5V2a.5.5 0 0 0-.5-.5H8V0h2Z\" \/>\n\t\t\t<\/svg>\n\t\t<\/button><\/figure>\n\n\n\n<figure data-wp-context=\"{&quot;imageId&quot;:&quot;69d25625beaa0&quot;}\" data-wp-interactive=\"core\/image\" class=\"wp-block-image size-large wp-lightbox-container\"><img loading=\"lazy\" decoding=\"async\" width=\"1024\" height=\"684\" data-wp-class--hide=\"state.isContentHidden\" data-wp-class--show=\"state.isContentVisible\" data-wp-init=\"callbacks.setButtonStyles\" data-wp-on-async--click=\"actions.showLightbox\" data-wp-on-async--load=\"callbacks.setButtonStyles\" data-wp-on-async-window--resize=\"callbacks.setButtonStyles\" src=\"https:\/\/lpv.edu.co\/web\/wp-content\/uploads\/2024\/06\/DSC_2246-1024x684.jpg\" alt=\"\" class=\"wp-image-1481\" srcset=\"https:\/\/liceopinoverde.edu.co\/wp-content\/uploads\/2024\/06\/DSC_2246-1024x684.jpg 1024w, https:\/\/liceopinoverde.edu.co\/wp-content\/uploads\/2024\/06\/DSC_2246-300x201.jpg 300w, https:\/\/liceopinoverde.edu.co\/wp-content\/uploads\/2024\/06\/DSC_2246-768x513.jpg 768w, https:\/\/liceopinoverde.edu.co\/wp-content\/uploads\/2024\/06\/DSC_2246-1536x1027.jpg 1536w, https:\/\/liceopinoverde.edu.co\/wp-content\/uploads\/2024\/06\/DSC_2246-2048x1369.jpg 2048w\" sizes=\"auto, (max-width: 1024px) 100vw, 1024px\" \/><button\n\t\t\tclass=\"lightbox-trigger\"\n\t\t\ttype=\"button\"\n\t\t\taria-haspopup=\"dialog\"\n\t\t\taria-label=\"Ampliar la imagen\"\n\t\t\tdata-wp-init=\"callbacks.initTriggerButton\"\n\t\t\tdata-wp-on-async--click=\"actions.showLightbox\"\n\t\t\tdata-wp-style--right=\"state.imageButtonRight\"\n\t\t\tdata-wp-style--top=\"state.imageButtonTop\"\n\t\t>\n\t\t\t<svg xmlns=\"http:\/\/www.w3.org\/2000\/svg\" width=\"12\" height=\"12\" fill=\"none\" viewBox=\"0 0 12 12\">\n\t\t\t\t<path fill=\"#fff\" d=\"M2 0a2 2 0 0 0-2 2v2h1.5V2a.5.5 0 0 1 .5-.5h2V0H2Zm2 10.5H2a.5.5 0 0 1-.5-.5V8H0v2a2 2 0 0 0 2 2h2v-1.5ZM8 12v-1.5h2a.5.5 0 0 0 .5-.5V8H12v2a2 2 0 0 1-2 2H8Zm2-12a2 2 0 0 1 2 2v2h-1.5V2a.5.5 0 0 0-.5-.5H8V0h2Z\" \/>\n\t\t\t<\/svg>\n\t\t<\/button><\/figure>\n\n\n\n<figure data-wp-context=\"{&quot;imageId&quot;:&quot;69d25625bed6a&quot;}\" data-wp-interactive=\"core\/image\" class=\"wp-block-image size-large wp-lightbox-container\"><img loading=\"lazy\" decoding=\"async\" width=\"1024\" height=\"684\" data-wp-class--hide=\"state.isContentHidden\" data-wp-class--show=\"state.isContentVisible\" data-wp-init=\"callbacks.setButtonStyles\" data-wp-on-async--click=\"actions.showLightbox\" data-wp-on-async--load=\"callbacks.setButtonStyles\" data-wp-on-async-window--resize=\"callbacks.setButtonStyles\" src=\"https:\/\/lpv.edu.co\/web\/wp-content\/uploads\/2024\/06\/DSC_2290-1024x684.jpg\" alt=\"\" class=\"wp-image-1479\" srcset=\"https:\/\/liceopinoverde.edu.co\/wp-content\/uploads\/2024\/06\/DSC_2290-1024x684.jpg 1024w, https:\/\/liceopinoverde.edu.co\/wp-content\/uploads\/2024\/06\/DSC_2290-300x201.jpg 300w, https:\/\/liceopinoverde.edu.co\/wp-content\/uploads\/2024\/06\/DSC_2290-768x513.jpg 768w, https:\/\/liceopinoverde.edu.co\/wp-content\/uploads\/2024\/06\/DSC_2290-1536x1027.jpg 1536w, https:\/\/liceopinoverde.edu.co\/wp-content\/uploads\/2024\/06\/DSC_2290-2048x1369.jpg 2048w\" sizes=\"auto, (max-width: 1024px) 100vw, 1024px\" \/><button\n\t\t\tclass=\"lightbox-trigger\"\n\t\t\ttype=\"button\"\n\t\t\taria-haspopup=\"dialog\"\n\t\t\taria-label=\"Ampliar la imagen\"\n\t\t\tdata-wp-init=\"callbacks.initTriggerButton\"\n\t\t\tdata-wp-on-async--click=\"actions.showLightbox\"\n\t\t\tdata-wp-style--right=\"state.imageButtonRight\"\n\t\t\tdata-wp-style--top=\"state.imageButtonTop\"\n\t\t>\n\t\t\t<svg xmlns=\"http:\/\/www.w3.org\/2000\/svg\" width=\"12\" height=\"12\" fill=\"none\" viewBox=\"0 0 12 12\">\n\t\t\t\t<path fill=\"#fff\" d=\"M2 0a2 2 0 0 0-2 2v2h1.5V2a.5.5 0 0 1 .5-.5h2V0H2Zm2 10.5H2a.5.5 0 0 1-.5-.5V8H0v2a2 2 0 0 0 2 2h2v-1.5ZM8 12v-1.5h2a.5.5 0 0 0 .5-.5V8H12v2a2 2 0 0 1-2 2H8Zm2-12a2 2 0 0 1 2 2v2h-1.5V2a.5.5 0 0 0-.5-.5H8V0h2Z\" \/>\n\t\t\t<\/svg>\n\t\t<\/button><\/figure>\n\n\n\n<figure data-wp-context=\"{&quot;imageId&quot;:&quot;69d25625befbb&quot;}\" data-wp-interactive=\"core\/image\" class=\"wp-block-image size-large wp-lightbox-container\"><img loading=\"lazy\" decoding=\"async\" width=\"1024\" height=\"684\" data-wp-class--hide=\"state.isContentHidden\" data-wp-class--show=\"state.isContentVisible\" data-wp-init=\"callbacks.setButtonStyles\" data-wp-on-async--click=\"actions.showLightbox\" data-wp-on-async--load=\"callbacks.setButtonStyles\" data-wp-on-async-window--resize=\"callbacks.setButtonStyles\" src=\"https:\/\/lpv.edu.co\/web\/wp-content\/uploads\/2024\/06\/DSC_2302-1024x684.jpg\" alt=\"\" class=\"wp-image-1480\" srcset=\"https:\/\/liceopinoverde.edu.co\/wp-content\/uploads\/2024\/06\/DSC_2302-1024x684.jpg 1024w, https:\/\/liceopinoverde.edu.co\/wp-content\/uploads\/2024\/06\/DSC_2302-300x201.jpg 300w, https:\/\/liceopinoverde.edu.co\/wp-content\/uploads\/2024\/06\/DSC_2302-768x513.jpg 768w, https:\/\/liceopinoverde.edu.co\/wp-content\/uploads\/2024\/06\/DSC_2302-1536x1027.jpg 1536w, https:\/\/liceopinoverde.edu.co\/wp-content\/uploads\/2024\/06\/DSC_2302-2048x1369.jpg 2048w\" sizes=\"auto, (max-width: 1024px) 100vw, 1024px\" \/><button\n\t\t\tclass=\"lightbox-trigger\"\n\t\t\ttype=\"button\"\n\t\t\taria-haspopup=\"dialog\"\n\t\t\taria-label=\"Ampliar la imagen\"\n\t\t\tdata-wp-init=\"callbacks.initTriggerButton\"\n\t\t\tdata-wp-on-async--click=\"actions.showLightbox\"\n\t\t\tdata-wp-style--right=\"state.imageButtonRight\"\n\t\t\tdata-wp-style--top=\"state.imageButtonTop\"\n\t\t>\n\t\t\t<svg xmlns=\"http:\/\/www.w3.org\/2000\/svg\" width=\"12\" height=\"12\" fill=\"none\" viewBox=\"0 0 12 12\">\n\t\t\t\t<path fill=\"#fff\" d=\"M2 0a2 2 0 0 0-2 2v2h1.5V2a.5.5 0 0 1 .5-.5h2V0H2Zm2 10.5H2a.5.5 0 0 1-.5-.5V8H0v2a2 2 0 0 0 2 2h2v-1.5ZM8 12v-1.5h2a.5.5 0 0 0 .5-.5V8H12v2a2 2 0 0 1-2 2H8Zm2-12a2 2 0 0 1 2 2v2h-1.5V2a.5.5 0 0 0-.5-.5H8V0h2Z\" \/>\n\t\t\t<\/svg>\n\t\t<\/button><\/figure>\n\n\n\n<figure data-wp-context=\"{&quot;imageId&quot;:&quot;69d25625bf1ef&quot;}\" data-wp-interactive=\"core\/image\" class=\"wp-block-image size-large wp-lightbox-container\"><img loading=\"lazy\" decoding=\"async\" width=\"1024\" height=\"684\" data-wp-class--hide=\"state.isContentHidden\" data-wp-class--show=\"state.isContentVisible\" data-wp-init=\"callbacks.setButtonStyles\" data-wp-on-async--click=\"actions.showLightbox\" data-wp-on-async--load=\"callbacks.setButtonStyles\" data-wp-on-async-window--resize=\"callbacks.setButtonStyles\" src=\"https:\/\/lpv.edu.co\/web\/wp-content\/uploads\/2024\/06\/DSC_2253-1024x684.jpg\" alt=\"\" class=\"wp-image-1482\" srcset=\"https:\/\/liceopinoverde.edu.co\/wp-content\/uploads\/2024\/06\/DSC_2253-1024x684.jpg 1024w, https:\/\/liceopinoverde.edu.co\/wp-content\/uploads\/2024\/06\/DSC_2253-300x201.jpg 300w, https:\/\/liceopinoverde.edu.co\/wp-content\/uploads\/2024\/06\/DSC_2253-768x513.jpg 768w, https:\/\/liceopinoverde.edu.co\/wp-content\/uploads\/2024\/06\/DSC_2253-1536x1027.jpg 1536w, https:\/\/liceopinoverde.edu.co\/wp-content\/uploads\/2024\/06\/DSC_2253-2048x1369.jpg 2048w\" sizes=\"auto, (max-width: 1024px) 100vw, 1024px\" \/><button\n\t\t\tclass=\"lightbox-trigger\"\n\t\t\ttype=\"button\"\n\t\t\taria-haspopup=\"dialog\"\n\t\t\taria-label=\"Ampliar la imagen\"\n\t\t\tdata-wp-init=\"callbacks.initTriggerButton\"\n\t\t\tdata-wp-on-async--click=\"actions.showLightbox\"\n\t\t\tdata-wp-style--right=\"state.imageButtonRight\"\n\t\t\tdata-wp-style--top=\"state.imageButtonTop\"\n\t\t>\n\t\t\t<svg xmlns=\"http:\/\/www.w3.org\/2000\/svg\" width=\"12\" height=\"12\" fill=\"none\" viewBox=\"0 0 12 12\">\n\t\t\t\t<path fill=\"#fff\" d=\"M2 0a2 2 0 0 0-2 2v2h1.5V2a.5.5 0 0 1 .5-.5h2V0H2Zm2 10.5H2a.5.5 0 0 1-.5-.5V8H0v2a2 2 0 0 0 2 2h2v-1.5ZM8 12v-1.5h2a.5.5 0 0 0 .5-.5V8H12v2a2 2 0 0 1-2 2H8Zm2-12a2 2 0 0 1 2 2v2h-1.5V2a.5.5 0 0 0-.5-.5H8V0h2Z\" \/>\n\t\t\t<\/svg>\n\t\t<\/button><\/figure>\n\n\n\n<figure data-wp-context=\"{&quot;imageId&quot;:&quot;69d25625bf499&quot;}\" data-wp-interactive=\"core\/image\" class=\"wp-block-image size-large wp-lightbox-container\"><img loading=\"lazy\" decoding=\"async\" width=\"1024\" height=\"684\" data-wp-class--hide=\"state.isContentHidden\" data-wp-class--show=\"state.isContentVisible\" data-wp-init=\"callbacks.setButtonStyles\" data-wp-on-async--click=\"actions.showLightbox\" data-wp-on-async--load=\"callbacks.setButtonStyles\" data-wp-on-async-window--resize=\"callbacks.setButtonStyles\" src=\"https:\/\/lpv.edu.co\/web\/wp-content\/uploads\/2024\/06\/DSC_2280-1024x684.jpg\" alt=\"\" class=\"wp-image-1485\" srcset=\"https:\/\/liceopinoverde.edu.co\/wp-content\/uploads\/2024\/06\/DSC_2280-1024x684.jpg 1024w, https:\/\/liceopinoverde.edu.co\/wp-content\/uploads\/2024\/06\/DSC_2280-300x201.jpg 300w, https:\/\/liceopinoverde.edu.co\/wp-content\/uploads\/2024\/06\/DSC_2280-768x513.jpg 768w, https:\/\/liceopinoverde.edu.co\/wp-content\/uploads\/2024\/06\/DSC_2280-1536x1027.jpg 1536w, https:\/\/liceopinoverde.edu.co\/wp-content\/uploads\/2024\/06\/DSC_2280-2048x1369.jpg 2048w\" sizes=\"auto, (max-width: 1024px) 100vw, 1024px\" \/><button\n\t\t\tclass=\"lightbox-trigger\"\n\t\t\ttype=\"button\"\n\t\t\taria-haspopup=\"dialog\"\n\t\t\taria-label=\"Ampliar la imagen\"\n\t\t\tdata-wp-init=\"callbacks.initTriggerButton\"\n\t\t\tdata-wp-on-async--click=\"actions.showLightbox\"\n\t\t\tdata-wp-style--right=\"state.imageButtonRight\"\n\t\t\tdata-wp-style--top=\"state.imageButtonTop\"\n\t\t>\n\t\t\t<svg xmlns=\"http:\/\/www.w3.org\/2000\/svg\" width=\"12\" height=\"12\" fill=\"none\" viewBox=\"0 0 12 12\">\n\t\t\t\t<path fill=\"#fff\" d=\"M2 0a2 2 0 0 0-2 2v2h1.5V2a.5.5 0 0 1 .5-.5h2V0H2Zm2 10.5H2a.5.5 0 0 1-.5-.5V8H0v2a2 2 0 0 0 2 2h2v-1.5ZM8 12v-1.5h2a.5.5 0 0 0 .5-.5V8H12v2a2 2 0 0 1-2 2H8Zm2-12a2 2 0 0 1 2 2v2h-1.5V2a.5.5 0 0 0-.5-.5H8V0h2Z\" \/>\n\t\t\t<\/svg>\n\t\t<\/button><\/figure>\n\n\n\n<figure data-wp-context=\"{&quot;imageId&quot;:&quot;69d25625bf7de&quot;}\" data-wp-interactive=\"core\/image\" class=\"wp-block-image size-large wp-lightbox-container\"><img loading=\"lazy\" decoding=\"async\" width=\"1024\" height=\"684\" data-wp-class--hide=\"state.isContentHidden\" data-wp-class--show=\"state.isContentVisible\" data-wp-init=\"callbacks.setButtonStyles\" data-wp-on-async--click=\"actions.showLightbox\" data-wp-on-async--load=\"callbacks.setButtonStyles\" data-wp-on-async-window--resize=\"callbacks.setButtonStyles\" src=\"https:\/\/lpv.edu.co\/web\/wp-content\/uploads\/2024\/06\/DSC_2294-1024x684.jpg\" alt=\"\" class=\"wp-image-1486\" srcset=\"https:\/\/liceopinoverde.edu.co\/wp-content\/uploads\/2024\/06\/DSC_2294-1024x684.jpg 1024w, https:\/\/liceopinoverde.edu.co\/wp-content\/uploads\/2024\/06\/DSC_2294-300x201.jpg 300w, https:\/\/liceopinoverde.edu.co\/wp-content\/uploads\/2024\/06\/DSC_2294-768x513.jpg 768w, https:\/\/liceopinoverde.edu.co\/wp-content\/uploads\/2024\/06\/DSC_2294-1536x1027.jpg 1536w, https:\/\/liceopinoverde.edu.co\/wp-content\/uploads\/2024\/06\/DSC_2294-2048x1369.jpg 2048w\" sizes=\"auto, (max-width: 1024px) 100vw, 1024px\" \/><button\n\t\t\tclass=\"lightbox-trigger\"\n\t\t\ttype=\"button\"\n\t\t\taria-haspopup=\"dialog\"\n\t\t\taria-label=\"Ampliar la imagen\"\n\t\t\tdata-wp-init=\"callbacks.initTriggerButton\"\n\t\t\tdata-wp-on-async--click=\"actions.showLightbox\"\n\t\t\tdata-wp-style--right=\"state.imageButtonRight\"\n\t\t\tdata-wp-style--top=\"state.imageButtonTop\"\n\t\t>\n\t\t\t<svg xmlns=\"http:\/\/www.w3.org\/2000\/svg\" width=\"12\" height=\"12\" fill=\"none\" viewBox=\"0 0 12 12\">\n\t\t\t\t<path fill=\"#fff\" d=\"M2 0a2 2 0 0 0-2 2v2h1.5V2a.5.5 0 0 1 .5-.5h2V0H2Zm2 10.5H2a.5.5 0 0 1-.5-.5V8H0v2a2 2 0 0 0 2 2h2v-1.5ZM8 12v-1.5h2a.5.5 0 0 0 .5-.5V8H12v2a2 2 0 0 1-2 2H8Zm2-12a2 2 0 0 1 2 2v2h-1.5V2a.5.5 0 0 0-.5-.5H8V0h2Z\" \/>\n\t\t\t<\/svg>\n\t\t<\/button><\/figure>\n\n\n\n<figure data-wp-context=\"{&quot;imageId&quot;:&quot;69d25625bfc15&quot;}\" data-wp-interactive=\"core\/image\" class=\"wp-block-image size-large wp-lightbox-container\"><img loading=\"lazy\" decoding=\"async\" width=\"1024\" height=\"715\" data-wp-class--hide=\"state.isContentHidden\" data-wp-class--show=\"state.isContentVisible\" data-wp-init=\"callbacks.setButtonStyles\" data-wp-on-async--click=\"actions.showLightbox\" data-wp-on-async--load=\"callbacks.setButtonStyles\" data-wp-on-async-window--resize=\"callbacks.setButtonStyles\" src=\"https:\/\/lpv.edu.co\/web\/wp-content\/uploads\/2024\/06\/DSC_0378-1024x715.jpg\" alt=\"\" class=\"wp-image-1487\" srcset=\"https:\/\/liceopinoverde.edu.co\/wp-content\/uploads\/2024\/06\/DSC_0378-1024x715.jpg 1024w, https:\/\/liceopinoverde.edu.co\/wp-content\/uploads\/2024\/06\/DSC_0378-300x209.jpg 300w, https:\/\/liceopinoverde.edu.co\/wp-content\/uploads\/2024\/06\/DSC_0378-768x536.jpg 768w, https:\/\/liceopinoverde.edu.co\/wp-content\/uploads\/2024\/06\/DSC_0378-1536x1073.jpg 1536w, https:\/\/liceopinoverde.edu.co\/wp-content\/uploads\/2024\/06\/DSC_0378-2048x1430.jpg 2048w\" sizes=\"auto, (max-width: 1024px) 100vw, 1024px\" \/><button\n\t\t\tclass=\"lightbox-trigger\"\n\t\t\ttype=\"button\"\n\t\t\taria-haspopup=\"dialog\"\n\t\t\taria-label=\"Ampliar la imagen\"\n\t\t\tdata-wp-init=\"callbacks.initTriggerButton\"\n\t\t\tdata-wp-on-async--click=\"actions.showLightbox\"\n\t\t\tdata-wp-style--right=\"state.imageButtonRight\"\n\t\t\tdata-wp-style--top=\"state.imageButtonTop\"\n\t\t>\n\t\t\t<svg xmlns=\"http:\/\/www.w3.org\/2000\/svg\" width=\"12\" height=\"12\" fill=\"none\" viewBox=\"0 0 12 12\">\n\t\t\t\t<path fill=\"#fff\" d=\"M2 0a2 2 0 0 0-2 2v2h1.5V2a.5.5 0 0 1 .5-.5h2V0H2Zm2 10.5H2a.5.5 0 0 1-.5-.5V8H0v2a2 2 0 0 0 2 2h2v-1.5ZM8 12v-1.5h2a.5.5 0 0 0 .5-.5V8H12v2a2 2 0 0 1-2 2H8Zm2-12a2 2 0 0 1 2 2v2h-1.5V2a.5.5 0 0 0-.5-.5H8V0h2Z\" \/>\n\t\t\t<\/svg>\n\t\t<\/button><\/figure>\n<\/figure>\n<\/div>\n\n\n\n<div style=\"height:100px\" aria-hidden=\"true\" class=\"wp-block-spacer wave wave-blue bg-white\"><\/div>\n\n\n\n<div class=\"wp-block-group has-global-padding is-layout-constrained wp-block-group-is-layout-constrained\">\n<p>Es un servicio con costo adicional, m\u00e1s asequible al que encuentran de manera particular, de tutor\u00edas individuales y\/o grupales ofrecido por el colegio con docentes capacitados por Pino Verde, en el que se pone a disposici\u00f3n de todas las familias interesadas el acompa\u00f1amiento de un docente en casa y en el colegio (dependiendo del programa que escojan). <\/p>\n<\/div>\n\n\n\n<div style=\"height:100px\" aria-hidden=\"true\" class=\"wp-block-spacer\"><\/div>\n","protected":false},"excerpt":{"rendered":"<p>Cuenta con diferentes actividades de car\u00e1cter acad\u00e9mico, formativo y de desarrollo de habilidades de la mano de nuestro trabajo curricular a trav\u00e9s de las unidades de indagaci\u00f3n en pro del mejoramiento de los estudiantes en la segunda lengua (ingl\u00e9s). Es un servicio con costo adicional, m\u00e1s asequible al que encuentran de manera particular, de tutor\u00edas [&hellip;]<\/p>\n","protected":false},"author":1,"featured_media":1098,"parent":0,"menu_order":0,"comment_status":"closed","ping_status":"closed","template":"","meta":{"footnotes":""},"class_list":["post-1088","page","type-page","status-publish","has-post-thumbnail","hentry"],"jetpack_sharing_enabled":true,"_links":{"self":[{"href":"https:\/\/liceopinoverde.edu.co\/index.php\/wp-json\/wp\/v2\/pages\/1088","targetHints":{"allow":["GET"]}}],"collection":[{"href":"https:\/\/liceopinoverde.edu.co\/index.php\/wp-json\/wp\/v2\/pages"}],"about":[{"href":"https:\/\/liceopinoverde.edu.co\/index.php\/wp-json\/wp\/v2\/types\/page"}],"author":[{"embeddable":true,"href":"https:\/\/liceopinoverde.edu.co\/index.php\/wp-json\/wp\/v2\/users\/1"}],"replies":[{"embeddable":true,"href":"https:\/\/liceopinoverde.edu.co\/index.php\/wp-json\/wp\/v2\/comments?post=1088"}],"version-history":[{"count":10,"href":"https:\/\/liceopinoverde.edu.co\/index.php\/wp-json\/wp\/v2\/pages\/1088\/revisions"}],"predecessor-version":[{"id":3167,"href":"https:\/\/liceopinoverde.edu.co\/index.php\/wp-json\/wp\/v2\/pages\/1088\/revisions\/3167"}],"wp:featuredmedia":[{"embeddable":true,"href":"https:\/\/liceopinoverde.edu.co\/index.php\/wp-json\/wp\/v2\/media\/1098"}],"wp:attachment":[{"href":"https:\/\/liceopinoverde.edu.co\/index.php\/wp-json\/wp\/v2\/media?parent=1088"}],"curies":[{"name":"wp","href":"https:\/\/api.w.org\/{rel}","templated":true}]}}