{"id":1115,"date":"2024-05-10T14:38:39","date_gmt":"2024-05-10T19:38:39","guid":{"rendered":"https:\/\/lpv.edu.co\/web\/?page_id=1115"},"modified":"2025-11-19T09:15:41","modified_gmt":"2025-11-19T14:15:41","slug":"institucional","status":"publish","type":"page","link":"https:\/\/liceopinoverde.edu.co\/index.php\/institucional\/","title":{"rendered":"Institucional"},"content":{"rendered":"\n<div class=\"wp-block-group alignfull bg-pattern has-base-color has-accent-background-color has-text-color has-background has-link-color wp-elements-9d7ec6d6c0fd99ad72dc5b22afb24c5f has-global-padding is-layout-constrained wp-container-core-group-is-layout-1 wp-block-group-is-layout-constrained\" style=\"margin-top:0;margin-bottom:0;padding-top:var(--wp--preset--spacing--50);padding-right:var(--wp--preset--spacing--50);padding-bottom:var(--wp--preset--spacing--50);padding-left:var(--wp--preset--spacing--50)\">\n<p class=\"has-heading-font-family has-x-large-font-size\" style=\"line-height:1.2\">Creciendo en un lugar maravilloso<\/p>\n<\/div>\n\n\n\n<div class=\"wp-block-group has-global-padding is-layout-constrained wp-block-group-is-layout-constrained\">\n<p class=\"has-body-font-family has-x-large-font-size\" style=\"line-height:1.2\">Una arquitectura respetuosa del entorno, construida en guadua que imprimen un sentimiento de reconexi\u00f3n ancestral<\/p>\n\n\n\n<div class=\"wp-block-columns is-layout-flex wp-container-core-columns-is-layout-1 wp-block-columns-is-layout-flex\">\n<div class=\"wp-block-column is-layout-flow wp-block-column-is-layout-flow\">\n<p>Nuestras instalaciones est\u00e1n rodeadas de naturaleza en la que la diversidad en fauna y flora conviven en armon\u00eda con nuestra comunidad educativa. La planta f\u00edsica del Liceo Pino Verde se caracteriza por su arquitectura respetuosa del entorno, construida en guadua que imprimen un sentimiento de reconexi\u00f3n ancestral.<\/p>\n<\/div>\n\n\n\n<div class=\"wp-block-column is-layout-flow wp-block-column-is-layout-flow\">\n<p>La paz, la tranquilidad y la libertad son las sensaciones que transmite el Liceo Pino Verde a todos aquellos que nos visitan, quienes viven de primera mano un ambiente de aprendizaje que hace consonancia entre lo natural (las ra\u00edces) y la mentalidad internacional (las alas).<\/p>\n<\/div>\n<\/div>\n\n\n\n<div style=\"height:24px\" aria-hidden=\"true\" class=\"wp-block-spacer\"><\/div>\n<\/div>\n\n\n\n<div class=\"wp-block-cover alignfull is-light\" style=\"padding-top:var(--wp--preset--spacing--50);padding-right:var(--wp--preset--spacing--50);padding-bottom:var(--wp--preset--spacing--50);padding-left:var(--wp--preset--spacing--50);min-height:100vh;aspect-ratio:unset;\"><span aria-hidden=\"true\" class=\"wp-block-cover__background has-base-background-color has-background-dim-0 has-background-dim\"><\/span><video class=\"wp-block-cover__video-background intrinsic-ignore\" autoplay muted loop playsinline src=\"https:\/\/lpv.edu.co\/web\/wp-content\/uploads\/2024\/04\/lpv_cover_03.mp4\" data-object-fit=\"cover\"><\/video><div class=\"wp-block-cover__inner-container has-global-padding is-layout-constrained wp-container-core-cover-is-layout-1 wp-block-cover-is-layout-constrained\">\n<div style=\"height:500px\" aria-hidden=\"true\" class=\"wp-block-spacer\"><\/div>\n<\/div><\/div>\n\n\n\n<div class=\"wp-block-group alignfull bg-pattern has-base-color has-accent-background-color has-text-color has-background has-link-color wp-elements-d4e723895906632c62fd80c593578a65 has-global-padding is-layout-constrained wp-container-core-group-is-layout-4 wp-block-group-is-layout-constrained\" style=\"margin-top:0;margin-bottom:0;padding-top:var(--wp--preset--spacing--60);padding-right:var(--wp--preset--spacing--60);padding-bottom:var(--wp--preset--spacing--60);padding-left:var(--wp--preset--spacing--60)\">\n<div class=\"wp-block-group alignwide is-layout-flow wp-block-group-is-layout-flow\">\n<div style=\"height:var(--wp--preset--spacing--50)\" aria-hidden=\"true\" class=\"wp-block-spacer\"><\/div>\n\n\n\n<p class=\"has-text-align-center has-heading-font-family has-x-large-font-size\" style=\"font-style:normal;font-weight:400;line-height:1.2\">Conciencia, Amor y Sabidur\u00eda<\/p>\n\n\n\n<div style=\"height:var(--wp--preset--spacing--50)\" aria-hidden=\"true\" class=\"wp-block-spacer\"><\/div>\n<\/div>\n<\/div>\n\n\n\n<div style=\"height:32px\" aria-hidden=\"true\" class=\"wp-block-spacer wave-bottom-green bg-white\"><\/div>\n\n\n\n<div class=\"wp-block-group has-global-padding is-layout-constrained wp-block-group-is-layout-constrained\">\n<div style=\"height:100px\" aria-hidden=\"true\" class=\"wp-block-spacer\"><\/div>\n\n\n\n<div class=\"wp-block-group has-global-padding is-layout-constrained wp-block-group-is-layout-constrained\">\n<h2 class=\"wp-block-heading has-x-large-font-size\">Misi\u00f3n<\/h2>\n\n\n\n<p>El Liceo Pino Verde ofrece una educaci\u00f3n de alta calidad guiada por los est\u00e1ndares de la Organizaci\u00f3n del Bachillerato Internacional que forma a sus alumnos en las habilidades y atributos necesarios para generar las din\u00e1micas de aprendizaje aut\u00f3nomo y activo que demanda la adquisici\u00f3n de conocimiento en el siglo XXI.<br><\/p>\n\n\n\n<p>El Liceo Pino Verde desarrolla habilidades de pensamiento cr\u00edtico, de comprensi\u00f3n y de comunicaci\u00f3n, adem\u00e1s de formar en los valores del Respeto, la Responsabilidad y la Honestidad. Su pr\u00e1ctica educativa pretende generar en los miembros de la comunidad de aprendizaje una mentalidad internacional para ser actores de la transformaci\u00f3n social hacia un mundo mejor.<\/p>\n<\/div>\n\n\n\n<div style=\"height:100px\" aria-hidden=\"true\" class=\"wp-block-spacer\"><\/div>\n\n\n\n<div class=\"wp-block-group has-global-padding is-layout-constrained wp-block-group-is-layout-constrained\">\n<h2 class=\"wp-block-heading\">Visi\u00f3n<\/h2>\n\n\n\n<p>En la pr\u00f3xima d\u00e9cada el Liceo Pino Verde se consolidar\u00e1 como Colegio del Mundo del IB ofreciendo el continuo de sus programas en ambientes de educaci\u00f3n flexible. Ser\u00e1 reconocido por su car\u00e1cter humanista, su interculturalidad, pluriling\u00fcismo y su alto nivel acad\u00e9mico.<br><\/p>\n\n\n\n<p>El Liceo Pino Verde implementar\u00e1 nuevos servicios educativos y contar\u00e1 con un campus de entornos de aprendizaje f\u00edsicos y virtuales que inviten al respeto y al cuidado del medio ambiente, con las tecnolog\u00edas necesarias para prestar un servicio de calidad y contextualizado en la instituci\u00f3n.<\/p>\n<\/div>\n\n\n\n<div style=\"height:100px\" aria-hidden=\"true\" class=\"wp-block-spacer\"><\/div>\n\n\n\n<div class=\"wp-block-group has-global-padding is-layout-constrained wp-block-group-is-layout-constrained\">\n<h2 class=\"wp-block-heading\">Principios institucionales<\/h2>\n\n\n\n<ul class=\"wp-block-list\">\n<li>Amor y compromiso por lo que hacemos. <\/li>\n\n\n\n<li>Concepci\u00f3n de la vida como algo sagrado. <\/li>\n\n\n\n<li>Respeto por la diferencia y necesidades de cada ser. <\/li>\n\n\n\n<li>Reconocimiento del ser humano como ser social. <\/li>\n\n\n\n<li>Respeto, cuidado y amor por el entorno.<\/li>\n\n\n\n<li>Comprensi\u00f3n de la interculturalidad. <\/li>\n\n\n\n<li>Mejoramiento continuo de la calidad de vida escolar como pol\u00edtica de calidad y compromiso permanente.<\/li>\n<\/ul>\n<\/div>\n<\/div>\n\n\n\n<div style=\"height:48px\" aria-hidden=\"true\" class=\"wp-block-spacer\"><\/div>\n\n\n\n<div class=\"wp-block-group has-global-padding is-layout-constrained wp-block-group-is-layout-constrained\">\n<h2 class=\"wp-block-heading\">Documentos<\/h2>\n\n\n\n<ul class=\"wp-block-list\">\n<li><a href=\"https:\/\/liceopinoverde.edu.co\/wp-content\/uploads\/2025\/08\/GD-OD-14-POLITICA-DE-ADMISION-V9-2025.pdf\" data-type=\"link\" data-id=\"https:\/\/liceopinoverde.edu.co\/wp-content\/uploads\/2025\/08\/GD-OD-14-POLITICA-DE-ADMISION-V9-2025.pdf\" target=\"_blank\" rel=\"noreferrer noopener\">Pol\u00edtica de Admisiones<\/a><\/li>\n\n\n\n<li><a href=\"https:\/\/liceopinoverde.edu.co\/wp-content\/uploads\/2024\/12\/GD-OD-13-POLITICA-DE-INCLUSION-V4-1.pdf\" target=\"_blank\" rel=\"noreferrer noopener\">Pol\u00edtica de Inclusi\u00f3n<\/a><\/li>\n\n\n\n<li><a href=\"\/wp-content\/uploads\/2024\/06\/lpv-GD-OD-06_mapa_de_procesos_v5.pdf\" target=\"_blank\" rel=\"noreferrer noopener\">Mapa de Procesos<\/a><\/li>\n\n\n\n<li><a href=\"https:\/\/liceopinoverde.edu.co\/wp-content\/uploads\/2024\/12\/GQ-OD-03-POLITICAS-DE-TRATAMIENTO-DE-DATOS-PERSONALES-V4-2024.pdf\" target=\"_blank\" rel=\"noreferrer noopener\">Pol\u00edticas de Tratamientos de Datos Pers<\/a><a href=\"\/wp-content\/uploads\/2024\/06\/lpv-GQ-OD-03_politicas_de_tratamiento_de_datos_personales_v3.pdf\" target=\"_blank\" rel=\"noreferrer noopener\">onales CREAS SAS<\/a><\/li>\n\n\n\n<li><a href=\"https:\/\/liceopinoverde.edu.co\/wp-content\/uploads\/2025\/11\/GF-MN-02-MANUAL-DE-TRANSPORTE-V21.pdf\" target=\"_blank\" rel=\"noreferrer noopener\">Manual de Transporte<\/a><\/li>\n\n\n\n<li><a href=\"https:\/\/liceopinoverde.edu.co\/wp-content\/uploads\/2024\/12\/GD-OD-15-POLITICA-DE-EVALUACION-V7-1.pdf\" target=\"_blank\" rel=\"noreferrer noopener\">Pol\u00edtica de Evaluaci\u00f3n<\/a><\/li>\n\n\n\n<li><a href=\"\/index.php\/polizas-escolares\/\">P\u00f3liza de Accidentes Escolares<\/a><\/li>\n\n\n\n<li><a href=\"\/wp-content\/uploads\/2024\/06\/lpv-medidas_bioseguridad.pdf\" target=\"_blank\" rel=\"noreferrer noopener\">Medidas de Bioseguridad<\/a><\/li>\n\n\n\n<li><a href=\"https:\/\/liceopinoverde.edu.co\/wp-content\/uploads\/2025\/11\/GD-OD-08-PEI-VERSION-V14.pdf\" target=\"_blank\" rel=\"noreferrer noopener\">PEI &#8211; Institucionalidad Pino Verde<\/a><\/li>\n\n\n\n<li><a href=\"https:\/\/liceopinoverde.edu.co\/wp-content\/uploads\/2024\/12\/GD-OD-16-POLITICA-LINGUISTICA-V4-1.pdf\" target=\"_blank\" rel=\"noreferrer noopener\">Pol\u00edtica Ling\u00fc\u00edstica<\/a><\/li>\n\n\n\n<li><a href=\"\/wp-content\/uploads\/2024\/06\/lpv-institucional_politica_salud_ocupacional.pdf\" target=\"_blank\" rel=\"noreferrer noopener\">Pol\u00edticas de Salud Ocupacional<\/a><\/li>\n\n\n\n<li><a href=\"https:\/\/liceopinoverde.edu.co\/wp-content\/uploads\/2025\/11\/GF-OD-14-POLITICAS-TRANSPORTE-LPV-V6.pdf\" target=\"_blank\" rel=\"noreferrer noopener\">Pol\u00edticas de Transporte<\/a><\/li>\n\n\n\n<li><a href=\"https:\/\/liceopinoverde.edu.co\/wp-content\/uploads\/2025\/11\/GF-OD-13-Politicas-de-Alimentacion-Familias-Pino-Verde-V7-PDF.pdf\" target=\"_blank\" rel=\"noreferrer noopener\">Pol\u00edticas de Alimentaci\u00f3n<\/a><\/li>\n\n\n\n<li><a href=\"https:\/\/liceopinoverde.edu.co\/wp-content\/uploads\/2025\/04\/GD-OD-12-POLITICA-DE-SALIDAS-ESCOLARES-LPV-V7.pdf\">Pol\u00edtica Salidas Escolares<\/a><\/li>\n\n\n\n<li><a href=\"https:\/\/liceopinoverde.edu.co\/wp-content\/uploads\/2025\/04\/GD-0D-18-FLUJOGRAMA-SALIDAS-PEDAGOGICAS-V3.pdf\">Flujograma Salidas Escolares<\/a><\/li>\n\n\n\n<li><a href=\"\/wp-content\/uploads\/2024\/06\/lpv-institucional_reglamento_de_higiene_y_seguridad_industrial.pdf\" target=\"_blank\" rel=\"noreferrer noopener\">Reglamento de SG-SST<\/a><\/li>\n\n\n\n<li><a href=\"https:\/\/liceopinoverde.edu.co\/wp-content\/uploads\/2025\/08\/GF-OD-12-Politica-Cartera-V4.pdf\" data-type=\"link\" data-id=\"https:\/\/liceopinoverde.edu.co\/wp-content\/uploads\/2025\/08\/GF-OD-12-Politica-Cartera-V4.pdf\">Pol\u00edtica de Cartera<\/a><\/li>\n\n\n\n<li><a href=\"\/wp-content\/uploads\/2024\/06\/lpv-GD-OD-01_planeacion_estrategica_v10.pdf\" target=\"_blank\" rel=\"noreferrer noopener\">Planeaci\u00f3n Estrat\u00e9gica<\/a><\/li>\n\n\n\n<li><a href=\"https:\/\/liceopinoverde.edu.co\/wp-content\/uploads\/2024\/12\/GD-MN-02-MANUAL-DE-CONVIVENCIA-V9-NOV-24.pdf\" target=\"_blank\" rel=\"noreferrer noopener\">Manual de Convivencia<\/a><\/li>\n\n\n\n<li><a href=\"https:\/\/liceopinoverde.edu.co\/wp-content\/uploads\/2025\/11\/CREAS-SGSST-PRG-PAE-02-PDEEMERGENCIAS-LPV-202510.pdf\" target=\"_blank\" rel=\"noreferrer noopener\">Plan de Emergencias<\/a><\/li>\n\n\n\n<li><a href=\"https:\/\/liceopinoverde.edu.co\/wp-content\/uploads\/2024\/12\/GD-OD-11-POLITICA-DE-INTEGRIDAD-V3-1.pdf\" target=\"_blank\" rel=\"noreferrer noopener\">Pol\u00edtica de Integridad Acad\u00e9mica<\/a><\/li>\n<\/ul>\n<\/div>\n\n\n\n<div style=\"height:48px\" aria-hidden=\"true\" class=\"wp-block-spacer\"><\/div>\n","protected":false},"excerpt":{"rendered":"<p>Creciendo en un lugar maravilloso Una arquitectura respetuosa del entorno, construida en guadua que imprimen un sentimiento de reconexi\u00f3n ancestral Nuestras instalaciones est\u00e1n rodeadas de naturaleza en la que la diversidad en fauna y flora conviven en armon\u00eda con nuestra comunidad educativa. La planta f\u00edsica del Liceo Pino Verde se caracteriza por su arquitectura respetuosa [&hellip;]<\/p>\n","protected":false},"author":1,"featured_media":276,"parent":0,"menu_order":0,"comment_status":"closed","ping_status":"closed","template":"","meta":{"footnotes":""},"class_list":["post-1115","page","type-page","status-publish","has-post-thumbnail","hentry"],"jetpack_sharing_enabled":true,"_links":{"self":[{"href":"https:\/\/liceopinoverde.edu.co\/index.php\/wp-json\/wp\/v2\/pages\/1115","targetHints":{"allow":["GET"]}}],"collection":[{"href":"https:\/\/liceopinoverde.edu.co\/index.php\/wp-json\/wp\/v2\/pages"}],"about":[{"href":"https:\/\/liceopinoverde.edu.co\/index.php\/wp-json\/wp\/v2\/types\/page"}],"author":[{"embeddable":true,"href":"https:\/\/liceopinoverde.edu.co\/index.php\/wp-json\/wp\/v2\/users\/1"}],"replies":[{"embeddable":true,"href":"https:\/\/liceopinoverde.edu.co\/index.php\/wp-json\/wp\/v2\/comments?post=1115"}],"version-history":[{"count":34,"href":"https:\/\/liceopinoverde.edu.co\/index.php\/wp-json\/wp\/v2\/pages\/1115\/revisions"}],"predecessor-version":[{"id":8578,"href":"https:\/\/liceopinoverde.edu.co\/index.php\/wp-json\/wp\/v2\/pages\/1115\/revisions\/8578"}],"wp:featuredmedia":[{"embeddable":true,"href":"https:\/\/liceopinoverde.edu.co\/index.php\/wp-json\/wp\/v2\/media\/276"}],"wp:attachment":[{"href":"https:\/\/liceopinoverde.edu.co\/index.php\/wp-json\/wp\/v2\/media?parent=1115"}],"curies":[{"name":"wp","href":"https:\/\/api.w.org\/{rel}","templated":true}]}}