{"id":1168,"date":"2024-05-15T10:02:54","date_gmt":"2024-05-15T15:02:54","guid":{"rendered":"https:\/\/lpv.edu.co\/web\/?page_id=1168"},"modified":"2024-07-23T07:50:15","modified_gmt":"2024-07-23T12:50:15","slug":"admisiones","status":"publish","type":"page","link":"https:\/\/liceopinoverde.edu.co\/index.php\/admisiones\/","title":{"rendered":"Admisiones"},"content":{"rendered":"\n<div style=\"height:100px\" aria-hidden=\"true\" class=\"wp-block-spacer\"><\/div>\n\n\n\n<div class=\"wp-block-group has-global-padding is-layout-constrained wp-block-group-is-layout-constrained\">\n<p>Nuestro objetivo es acoger y acompa\u00f1ar a las familias interesadas en ingresar al colegio antes, durante y despu\u00e9s del proceso de admisi\u00f3n. Accede a nuestro formulario para solicitar la cita para iniciar con el proceso de admisi\u00f3n, haciendo clic en el siguiente bot\u00f3n.<\/p>\n<\/div>\n\n\n\n<div class=\"wp-block-buttons is-content-justification-center is-layout-flex wp-container-core-buttons-is-layout-1 wp-block-buttons-is-layout-flex\">\n<div class=\"wp-block-button icon-text admission is-style-fill\"><a class=\"wp-block-button__link wp-element-button\" href=\"https:\/\/clickschool.info\/~app006\/self-enlistment\/auth\" target=\"_blank\" rel=\"noreferrer noopener\">Solicitar una cita<\/a><\/div>\n<\/div>\n\n\n\n<div style=\"height:100px\" aria-hidden=\"true\" class=\"wp-block-spacer\"><\/div>\n","protected":false},"excerpt":{"rendered":"<p>Nuestro objetivo es acoger y acompa\u00f1ar a las familias interesadas en ingresar al colegio antes, durante y despu\u00e9s del proceso de admisi\u00f3n. Accede a nuestro formulario para solicitar la cita para iniciar con el proceso de admisi\u00f3n, haciendo clic en el siguiente bot\u00f3n.<\/p>\n","protected":false},"author":1,"featured_media":1008,"parent":0,"menu_order":0,"comment_status":"closed","ping_status":"closed","template":"","meta":{"footnotes":""},"class_list":["post-1168","page","type-page","status-publish","has-post-thumbnail","hentry"],"jetpack_sharing_enabled":true,"_links":{"self":[{"href":"https:\/\/liceopinoverde.edu.co\/index.php\/wp-json\/wp\/v2\/pages\/1168","targetHints":{"allow":["GET"]}}],"collection":[{"href":"https:\/\/liceopinoverde.edu.co\/index.php\/wp-json\/wp\/v2\/pages"}],"about":[{"href":"https:\/\/liceopinoverde.edu.co\/index.php\/wp-json\/wp\/v2\/types\/page"}],"author":[{"embeddable":true,"href":"https:\/\/liceopinoverde.edu.co\/index.php\/wp-json\/wp\/v2\/users\/1"}],"replies":[{"embeddable":true,"href":"https:\/\/liceopinoverde.edu.co\/index.php\/wp-json\/wp\/v2\/comments?post=1168"}],"version-history":[{"count":8,"href":"https:\/\/liceopinoverde.edu.co\/index.php\/wp-json\/wp\/v2\/pages\/1168\/revisions"}],"predecessor-version":[{"id":1179,"href":"https:\/\/liceopinoverde.edu.co\/index.php\/wp-json\/wp\/v2\/pages\/1168\/revisions\/1179"}],"wp:featuredmedia":[{"embeddable":true,"href":"https:\/\/liceopinoverde.edu.co\/index.php\/wp-json\/wp\/v2\/media\/1008"}],"wp:attachment":[{"href":"https:\/\/liceopinoverde.edu.co\/index.php\/wp-json\/wp\/v2\/media?parent=1168"}],"curies":[{"name":"wp","href":"https:\/\/api.w.org\/{rel}","templated":true}]}}