{"id":1241,"date":"2024-05-15T15:17:39","date_gmt":"2024-05-15T20:17:39","guid":{"rendered":"https:\/\/lpv.edu.co\/web\/?page_id=1241"},"modified":"2025-11-19T08:58:37","modified_gmt":"2025-11-19T13:58:37","slug":"polizas-escolares","status":"publish","type":"page","link":"https:\/\/liceopinoverde.edu.co\/index.php\/polizas-escolares\/","title":{"rendered":"P\u00f3lizas Escolares"},"content":{"rendered":"\n<div style=\"height:100px\" aria-hidden=\"true\" class=\"wp-block-spacer\"><\/div>\n\n\n\n<div class=\"wp-block-group has-global-padding is-layout-constrained wp-block-group-is-layout-constrained\">\n<p>Invitamos a todos los padres a que den clic en la p\u00f3liza que les corresponde seg\u00fan el grado y track de sus hijos. Tambi\u00e9n pueden consultar los centros de atenci\u00f3n dando clic al enlace que est\u00e1 al final. Por supuesto si tienen dudas y\/o comentarios al respecto, pueden escribir a los correos que aparecen en cada documentos.<\/p>\n\n\n\n<p><a href=\"https:\/\/liceopinoverde.edu.co\/wp-content\/uploads\/2025\/11\/Poliza-LPV-Track-A-2025.pdf\">P\u00f3liza escolar LPV Track A 2024<\/a><\/p>\n\n\n\n<p><a href=\"https:\/\/liceopinoverde.edu.co\/wp-content\/uploads\/2025\/11\/Poliza-Track-B-2025-2026.pdf\" target=\"_blank\" rel=\"noreferrer noopener\">P\u00f3liza escolar LPV Track B 2024-2025<\/a><\/p>\n\n\n\n<p><a href=\"https:\/\/www.hdiseguros.com.co\/zona-cliente\/red-medica\" target=\"_blank\" rel=\"noreferrer noopener\">Centros de Atenci\u00f3n Pereira<\/a><\/p>\n\n\n\n<p><\/p>\n\n\n\n<div style=\"height:100px\" aria-hidden=\"true\" class=\"wp-block-spacer\"><\/div>\n<\/div>\n","protected":false},"excerpt":{"rendered":"<p>Invitamos a todos los padres a que den clic en la p\u00f3liza que les corresponde seg\u00fan el grado y track de sus hijos. Tambi\u00e9n pueden consultar los centros de atenci\u00f3n dando clic al enlace que est\u00e1 al final. Por supuesto si tienen dudas y\/o comentarios al respecto, pueden escribir a los correos que aparecen en [&hellip;]<\/p>\n","protected":false},"author":1,"featured_media":1247,"parent":0,"menu_order":0,"comment_status":"closed","ping_status":"closed","template":"","meta":{"footnotes":""},"class_list":["post-1241","page","type-page","status-publish","has-post-thumbnail","hentry"],"jetpack_sharing_enabled":true,"_links":{"self":[{"href":"https:\/\/liceopinoverde.edu.co\/index.php\/wp-json\/wp\/v2\/pages\/1241","targetHints":{"allow":["GET"]}}],"collection":[{"href":"https:\/\/liceopinoverde.edu.co\/index.php\/wp-json\/wp\/v2\/pages"}],"about":[{"href":"https:\/\/liceopinoverde.edu.co\/index.php\/wp-json\/wp\/v2\/types\/page"}],"author":[{"embeddable":true,"href":"https:\/\/liceopinoverde.edu.co\/index.php\/wp-json\/wp\/v2\/users\/1"}],"replies":[{"embeddable":true,"href":"https:\/\/liceopinoverde.edu.co\/index.php\/wp-json\/wp\/v2\/comments?post=1241"}],"version-history":[{"count":9,"href":"https:\/\/liceopinoverde.edu.co\/index.php\/wp-json\/wp\/v2\/pages\/1241\/revisions"}],"predecessor-version":[{"id":8576,"href":"https:\/\/liceopinoverde.edu.co\/index.php\/wp-json\/wp\/v2\/pages\/1241\/revisions\/8576"}],"wp:featuredmedia":[{"embeddable":true,"href":"https:\/\/liceopinoverde.edu.co\/index.php\/wp-json\/wp\/v2\/media\/1247"}],"wp:attachment":[{"href":"https:\/\/liceopinoverde.edu.co\/index.php\/wp-json\/wp\/v2\/media?parent=1241"}],"curies":[{"name":"wp","href":"https:\/\/api.w.org\/{rel}","templated":true}]}}