{"id":2928,"date":"2024-10-08T10:57:49","date_gmt":"2024-10-08T15:57:49","guid":{"rendered":"https:\/\/lpv.edu.co\/web\/?page_id=2928"},"modified":"2024-10-08T11:26:37","modified_gmt":"2024-10-08T16:26:37","slug":"legacy-schools","status":"publish","type":"page","link":"https:\/\/liceopinoverde.edu.co\/index.php\/legacy-schools\/","title":{"rendered":"Legacy Schools"},"content":{"rendered":"\n<div class=\"wp-block-group bg-texture-lpv-left has-global-padding is-layout-constrained wp-block-group-is-layout-constrained\">\n<div style=\"height:48px\" aria-hidden=\"true\" class=\"wp-block-spacer\"><\/div>\n\n\n\n<div class=\"wp-block-group has-global-padding is-layout-constrained wp-block-group-is-layout-constrained\">\n<div class=\"wp-block-group has-global-padding is-layout-constrained wp-block-group-is-layout-constrained\">\n<p class=\"has-x-large-font-size\">\u00a1Estamos emocionados de compartir una gran noticia con ustedes!<\/p>\n<\/div>\n\n\n\n<div class=\"wp-block-group has-global-padding is-layout-constrained wp-block-group-is-layout-constrained\">\n<p>Despu\u00e9s de casi 29 a\u00f1os de dedicaci\u00f3n, grandes logros y retos superados, nos complace anunciar que ahora somos parte de Legacy Schools. Esta integraci\u00f3n nos convierte en el primer colegio y referente de una red que tiene como prop\u00f3sito reunir a las instituciones m\u00e1s prestigiosas a nivel nacional, caracterizadas por sus altos est\u00e1ndares y excelente nivel acad\u00e9mico.<\/p>\n\n\n\n<p>Legacy Schools es una organizaci\u00f3n que hace parte de Ashmore Group, uno de los gestores de fondos de capital privado m\u00e1s prestigiosos y exitosos a nivel mundial y con m\u00e1s de 10 a\u00f1os de experiencia en el sector educativo, lo que nos llena de ilusi\u00f3n, ya que este gran paso traer\u00e1 inmensas oportunidades para nuestros estudiantes y sus familias, nuestros docentes, colaboradores y toda la comunidad.<\/p>\n\n\n\n<p>Queremos, que al igual que nosotros, se sientan seguros, orgullosos y emocionados por este nuevo cap\u00edtulo. Por ello, les comparto algunos puntos clave:<\/p>\n<\/div>\n\n\n\n<ul class=\"wp-block-list\">\n<li>Nuestra esencia se mantiene. Seguiremos guiados por los principios de \u201cSoy Feliz\u201d y el \u201cBienestar en el Centro\u201d, que son el coraz\u00f3n de nuestra comunidad.<\/li>\n\n\n\n<li>Legacy Schools comparte nuestros valores y ser\u00e1 un potencializador de lo que hemos construido permiti\u00e9ndonos integrar nuevas oportunidades y recursos que enriquecer\u00e1n nuestra oferta educativa.<\/li>\n<\/ul>\n\n\n\n<p>\u00a1Estamos listos para lo que nos depara el futuro y profundamente agradecidos de contar con cada uno de ustedes!<\/p>\n<\/div>\n\n\n\n<figure class=\"wp-block-image size-large\"><img loading=\"lazy\" decoding=\"async\" width=\"1024\" height=\"176\" src=\"https:\/\/lpv.edu.co\/web\/wp-content\/uploads\/2024\/10\/Legacy-Schools-Color-V02-1024x176.png\" alt=\"\" class=\"wp-image-2938\" srcset=\"https:\/\/liceopinoverde.edu.co\/wp-content\/uploads\/2024\/10\/Legacy-Schools-Color-V02-1024x176.png 1024w, https:\/\/liceopinoverde.edu.co\/wp-content\/uploads\/2024\/10\/Legacy-Schools-Color-V02-300x52.png 300w, https:\/\/liceopinoverde.edu.co\/wp-content\/uploads\/2024\/10\/Legacy-Schools-Color-V02-768x132.png 768w, https:\/\/liceopinoverde.edu.co\/wp-content\/uploads\/2024\/10\/Legacy-Schools-Color-V02-1536x264.png 1536w, https:\/\/liceopinoverde.edu.co\/wp-content\/uploads\/2024\/10\/Legacy-Schools-Color-V02.png 2008w\" sizes=\"auto, (max-width: 1024px) 100vw, 1024px\" \/><\/figure>\n\n\n\n<figure class=\"wp-block-embed is-type-video is-provider-youtube wp-block-embed-youtube wp-embed-aspect-16-9 wp-has-aspect-ratio\"><div class=\"wp-block-embed__wrapper\">\n<iframe loading=\"lazy\" title=\"Liceo Pino Verde ahora forma parte de Legacy Schools\" width=\"500\" height=\"281\" src=\"https:\/\/www.youtube.com\/embed\/hm5To0E5RL8?feature=oembed\" frameborder=\"0\" allow=\"accelerometer; autoplay; clipboard-write; encrypted-media; gyroscope; picture-in-picture; web-share\" referrerpolicy=\"strict-origin-when-cross-origin\" allowfullscreen><\/iframe>\n<\/div><\/figure>\n\n\n\n<div class=\"wp-block-group has-global-padding is-layout-constrained wp-block-group-is-layout-constrained\">\n<h2 class=\"wp-block-heading\">\u00bfQui\u00e9nes somos?<\/h2>\n\n\n\n<p>Somos una organizaci\u00f3n que forma parte de Ashmore Group, uno de los gestores de fondos de capital privado m\u00e1s prestigiosos y exitosos a nivel mundial y con una s\u00f3lida trayectoria en diversos sectores. Con m\u00e1s de 10 a\u00f1os de experiencia en educaci\u00f3n, hemos decidido aprovechar el respaldo de Ashmore Group para crear la red de colegios m\u00e1s prestigiosa y consolidada del pa\u00eds. Nuestro enfoque se basa en combinar la experiencia adquirida en el pasado con el compromiso de ofrecer una educaci\u00f3n de excelencia que prepare a las futuras generaciones para los desaf\u00edos globales.<\/p>\n<\/div>\n\n\n\n<div class=\"wp-block-group has-global-padding is-layout-constrained wp-block-group-is-layout-constrained\">\n<h2 class=\"wp-block-heading\">Nuestra Misi\u00f3n<\/h2>\n\n\n\n<p>Nacimos con el sue\u00f1o de reunir a los mejores colegios del pa\u00eds para promover una educaci\u00f3n transformadora que impacte el desarrollo social, cultural y econ\u00f3mico. Nos comprometemos a construir una red \u00fanica que garantice la excelencia, priorizando la transmisi\u00f3n de valores y la formaci\u00f3n integral de las personas.<\/p>\n<\/div>\n\n\n\n<div class=\"wp-block-group has-global-padding is-layout-constrained wp-block-group-is-layout-constrained\">\n<h2 class=\"wp-block-heading\">Innovative Learning<\/h2>\n\n\n\n<p>Entendemos que la educaci\u00f3n debe adaptarse a los desaf\u00edos del siglo XXI. Por eso, creamos el modelo Innovative Learning, que se centra en:<\/p>\n\n\n\n<ul class=\"wp-block-list\">\n<li>Un curr\u00edculum internacional que asegura los est\u00e1ndares de calidad y respeto por nuestra cultura.<\/li>\n\n\n\n<li>M\u00e9todos din\u00e1micos de aprendizajes activos y participativos.<\/li>\n\n\n\n<li>Desarrollo profesional para los docentes y el personal de nuestra red.<\/li>\n\n\n\n<li>Monitoreo del progreso de nuestros estudiantes y profesores.<\/li>\n\n\n\n<li>Un modelo educativo sostenible, tanto en lo acad\u00e9mico como en lo financiero, para garantizar un crecimiento a largo plazo.<\/li>\n<\/ul>\n<\/div>\n\n\n\n<div style=\"height:100px\" aria-hidden=\"true\" class=\"wp-block-spacer\"><\/div>\n\n\n\n<div class=\"wp-block-group has-global-padding is-layout-constrained wp-block-group-is-layout-constrained\">\n<h2 class=\"wp-block-heading\">\u00a1Liceo Pino Verde, un colegio Legacy Schools! \u00bfPor qu\u00e9?<\/h2>\n\n\n\n<ul class=\"wp-block-list\">\n<li>Educaci\u00f3n integral y de excelencia<\/li>\n\n\n\n<li>Altos est\u00e1ndares de calidad &#8211; Acreditaci\u00f3n Cognia<\/li>\n\n\n\n<li>Biling\u00fcismo<\/li>\n\n\n\n<li>Metodolog\u00edas innovadoras<\/li>\n\n\n\n<li>Colegio IB<\/li>\n\n\n\n<li>Conexi\u00f3n con tendencias internacionales<\/li>\n<\/ul>\n<\/div>\n<\/div>\n","protected":false},"excerpt":{"rendered":"<p>\u00a1Estamos emocionados de compartir una gran noticia con ustedes! Despu\u00e9s de casi 29 a\u00f1os de dedicaci\u00f3n, grandes logros y retos superados, nos complace anunciar que ahora somos parte de Legacy Schools. Esta integraci\u00f3n nos convierte en el primer colegio y referente de una red que tiene como prop\u00f3sito reunir a las instituciones m\u00e1s prestigiosas a [&hellip;]<\/p>\n","protected":false},"author":1,"featured_media":2933,"parent":0,"menu_order":0,"comment_status":"closed","ping_status":"closed","template":"","meta":{"footnotes":""},"class_list":["post-2928","page","type-page","status-publish","has-post-thumbnail","hentry"],"jetpack_sharing_enabled":true,"_links":{"self":[{"href":"https:\/\/liceopinoverde.edu.co\/index.php\/wp-json\/wp\/v2\/pages\/2928","targetHints":{"allow":["GET"]}}],"collection":[{"href":"https:\/\/liceopinoverde.edu.co\/index.php\/wp-json\/wp\/v2\/pages"}],"about":[{"href":"https:\/\/liceopinoverde.edu.co\/index.php\/wp-json\/wp\/v2\/types\/page"}],"author":[{"embeddable":true,"href":"https:\/\/liceopinoverde.edu.co\/index.php\/wp-json\/wp\/v2\/users\/1"}],"replies":[{"embeddable":true,"href":"https:\/\/liceopinoverde.edu.co\/index.php\/wp-json\/wp\/v2\/comments?post=2928"}],"version-history":[{"count":13,"href":"https:\/\/liceopinoverde.edu.co\/index.php\/wp-json\/wp\/v2\/pages\/2928\/revisions"}],"predecessor-version":[{"id":2945,"href":"https:\/\/liceopinoverde.edu.co\/index.php\/wp-json\/wp\/v2\/pages\/2928\/revisions\/2945"}],"wp:featuredmedia":[{"embeddable":true,"href":"https:\/\/liceopinoverde.edu.co\/index.php\/wp-json\/wp\/v2\/media\/2933"}],"wp:attachment":[{"href":"https:\/\/liceopinoverde.edu.co\/index.php\/wp-json\/wp\/v2\/media?parent=2928"}],"curies":[{"name":"wp","href":"https:\/\/api.w.org\/{rel}","templated":true}]}}