{"id":2946,"date":"2024-10-08T11:35:22","date_gmt":"2024-10-08T16:35:22","guid":{"rendered":"https:\/\/lpv.edu.co\/web\/?page_id=2946"},"modified":"2025-05-30T07:19:19","modified_gmt":"2025-05-30T12:19:19","slug":"colegio-de-alta-calidad","status":"publish","type":"page","link":"https:\/\/liceopinoverde.edu.co\/index.php\/colegio-de-alta-calidad\/","title":{"rendered":"Colegio de Alta Calidad"},"content":{"rendered":"\n<div class=\"wp-block-group bg-texture-lpv-right has-global-padding is-layout-constrained wp-block-group-is-layout-constrained\">\n<div style=\"height:100px\" aria-hidden=\"true\" class=\"wp-block-spacer\"><\/div>\n\n\n\n<figure class=\"wp-block-image size-full\"><img loading=\"lazy\" decoding=\"async\" width=\"684\" height=\"684\" src=\"https:\/\/lpv.edu.co\/web\/wp-content\/uploads\/2024\/09\/cognia.png\" alt=\"\" class=\"wp-image-2878\" srcset=\"https:\/\/liceopinoverde.edu.co\/wp-content\/uploads\/2024\/09\/cognia.png 684w, https:\/\/liceopinoverde.edu.co\/wp-content\/uploads\/2024\/09\/cognia-300x300.png 300w, https:\/\/liceopinoverde.edu.co\/wp-content\/uploads\/2024\/09\/cognia-150x150.png 150w\" sizes=\"auto, (max-width: 684px) 100vw, 684px\" \/><\/figure>\n\n\n\n<div class=\"wp-block-group has-global-padding is-layout-constrained wp-block-group-is-layout-constrained\">\n<p>Cognia es una organizaci\u00f3n no gubernamental que acredita escuelas primarias y secundarias a nivel internacional, las cuales se caracterizan por sus metas visionarias y excelencia educativa. Cognia est\u00e1 presente en 40.000 instituciones a nivel mundial en m\u00e1s de 90 pa\u00edses, impactando as\u00ed a m\u00e1s de 17.000.000 de estudiantes. Su enfoque hol\u00edstico de la mejora continua abarca la acreditaci\u00f3n y la certificaci\u00f3n, la evaluaci\u00f3n, el aprendizaje profesional y los servicios de mejora personalizados.<\/p>\n\n\n\n<p>Este es el viaje PINO VERDE con la acreditaci\u00f3n Cognia<\/p>\n\n\n\n<ul class=\"wp-block-list\">\n<li>LPV es miembro de Cognia desde 2022<\/li>\n\n\n\n<li>Tuvimos un proceso exitoso de Candidatura en 2023<\/li>\n\n\n\n<li>Entramos al proceso de acreditaci\u00f3n en 2024<\/li>\n\n\n\n<li>En agosto tuvimos la visita de revisi\u00f3n del compromiso de la acreditaci\u00f3n Cognia.<\/li>\n\n\n\n<li>A inicios de septiembre recibimos el informe de la visita de revisi\u00f3n, en el cual se nos informa que superamos el promedio total (Index of Education Quality-IDQ) de instituciones Cognia a nivel mundial (296), ya que obtuvimos una puntuaci\u00f3n de 339.<\/li>\n\n\n\n<li>Terminando septiembre, Cognia nos acredita como colegio de alta calidad a nivel mundial, un reconocimiento global de excelencia y compromiso con mejores resultados de aprendizaje. Marca de distinci\u00f3n en educaci\u00f3n, reconocida en todo el mundo.<\/li>\n\n\n\n<li>Al obtener la acreditaci\u00f3n de Cognia, el sello correspondiente aparecer\u00e1 en los certificados y diplomas emitidos por el Liceo Pino Verde. Esta distinci\u00f3n otorga un valor adicional y mayor reconocimiento a nuestros estudiantes al momento de postularse a instituciones de educaci\u00f3n superior a nivel internacional, especialmente en los Estados Unidos. Para validar esta informaci\u00f3n, las instituciones pueden comunicarse a los correos secretaria.academica@liceopinoverde.edu.co y gestion.documental@liceopinoverde.edu.co, habilitados para tal fin.<\/li>\n<\/ul>\n<\/div>\n<\/div>\n\n\n\n<figure class=\"wp-block-image aligncenter size-full\"><img loading=\"lazy\" decoding=\"async\" width=\"973\" height=\"630\" src=\"https:\/\/liceopinoverde.edu.co\/wp-content\/uploads\/2025\/05\/Certificado-Cognia.png\" alt=\"\" class=\"wp-image-7334\" srcset=\"https:\/\/liceopinoverde.edu.co\/wp-content\/uploads\/2025\/05\/Certificado-Cognia.png 973w, https:\/\/liceopinoverde.edu.co\/wp-content\/uploads\/2025\/05\/Certificado-Cognia-300x194.png 300w, https:\/\/liceopinoverde.edu.co\/wp-content\/uploads\/2025\/05\/Certificado-Cognia-768x497.png 768w\" sizes=\"auto, (max-width: 973px) 100vw, 973px\" \/><\/figure>\n","protected":false},"excerpt":{"rendered":"<p>Cognia es una organizaci\u00f3n no gubernamental que acredita escuelas primarias y secundarias a nivel internacional, las cuales se caracterizan por sus metas visionarias y excelencia educativa. Cognia est\u00e1 presente en 40.000 instituciones a nivel mundial en m\u00e1s de 90 pa\u00edses, impactando as\u00ed a m\u00e1s de 17.000.000 de estudiantes. Su enfoque hol\u00edstico de la mejora continua [&hellip;]<\/p>\n","protected":false},"author":1,"featured_media":2599,"parent":0,"menu_order":0,"comment_status":"closed","ping_status":"closed","template":"","meta":{"footnotes":""},"class_list":["post-2946","page","type-page","status-publish","has-post-thumbnail","hentry"],"jetpack_sharing_enabled":true,"_links":{"self":[{"href":"https:\/\/liceopinoverde.edu.co\/index.php\/wp-json\/wp\/v2\/pages\/2946","targetHints":{"allow":["GET"]}}],"collection":[{"href":"https:\/\/liceopinoverde.edu.co\/index.php\/wp-json\/wp\/v2\/pages"}],"about":[{"href":"https:\/\/liceopinoverde.edu.co\/index.php\/wp-json\/wp\/v2\/types\/page"}],"author":[{"embeddable":true,"href":"https:\/\/liceopinoverde.edu.co\/index.php\/wp-json\/wp\/v2\/users\/1"}],"replies":[{"embeddable":true,"href":"https:\/\/liceopinoverde.edu.co\/index.php\/wp-json\/wp\/v2\/comments?post=2946"}],"version-history":[{"count":8,"href":"https:\/\/liceopinoverde.edu.co\/index.php\/wp-json\/wp\/v2\/pages\/2946\/revisions"}],"predecessor-version":[{"id":7347,"href":"https:\/\/liceopinoverde.edu.co\/index.php\/wp-json\/wp\/v2\/pages\/2946\/revisions\/7347"}],"wp:featuredmedia":[{"embeddable":true,"href":"https:\/\/liceopinoverde.edu.co\/index.php\/wp-json\/wp\/v2\/media\/2599"}],"wp:attachment":[{"href":"https:\/\/liceopinoverde.edu.co\/index.php\/wp-json\/wp\/v2\/media?parent=2946"}],"curies":[{"name":"wp","href":"https:\/\/api.w.org\/{rel}","templated":true}]}}