{"id":32,"date":"2024-03-28T12:03:48","date_gmt":"2024-03-28T17:03:48","guid":{"rendered":"https:\/\/lpv.edu.co\/web\/?page_id=32"},"modified":"2024-07-30T12:20:48","modified_gmt":"2024-07-30T17:20:48","slug":"colegio-ib","status":"publish","type":"page","link":"https:\/\/liceopinoverde.edu.co\/index.php\/quienes-somos\/colegio-ib\/","title":{"rendered":"\u00a1Somos Colegio del Mundo del IB!"},"content":{"rendered":"\n<div class=\"wp-block-group has-accent-background-color has-background has-global-padding is-layout-constrained wp-block-group-is-layout-constrained\">\n<figure class=\"wp-block-image size-large\"><img loading=\"lazy\" decoding=\"async\" width=\"1024\" height=\"779\" src=\"https:\/\/lpv.edu.co\/web\/wp-content\/uploads\/2024\/06\/ib-world-school-continuum-1024x779.png\" alt=\"\" class=\"wp-image-1345\" srcset=\"https:\/\/liceopinoverde.edu.co\/wp-content\/uploads\/2024\/06\/ib-world-school-continuum-1024x779.png 1024w, https:\/\/liceopinoverde.edu.co\/wp-content\/uploads\/2024\/06\/ib-world-school-continuum-300x228.png 300w, https:\/\/liceopinoverde.edu.co\/wp-content\/uploads\/2024\/06\/ib-world-school-continuum-768x584.png 768w, https:\/\/liceopinoverde.edu.co\/wp-content\/uploads\/2024\/06\/ib-world-school-continuum.png 1032w\" sizes=\"auto, (max-width: 1024px) 100vw, 1024px\" \/><\/figure>\n<\/div>\n\n\n\n<div style=\"height:32px\" aria-hidden=\"true\" class=\"wp-block-spacer\"><\/div>\n\n\n\n<div class=\"wp-block-group has-global-padding is-layout-constrained wp-block-group-is-layout-constrained\">\n<p class=\"has-x-large-font-size\" style=\"line-height:1.2\">Desde el 2013, Liceo Pino Verde forma parte de los colegios del mundo de la Organizaci\u00f3n del Bachillerato Internacional (IB &#8211; International Baccalaureate).<\/p>\n\n\n\n<p>El IB es una fundaci\u00f3n educativa mundial creada en 1968 en Suiza, la cual ofrece programas educativos de gran calidad que apoyan la formaci\u00f3n de alumnos informados y \u00e1vidos de conocimiento, actividades de desarrollo profesional que permiten contar con educadores id\u00f3neos y comunidades profesionales de aprendizaje colaborativas, adem\u00e1s de una red mundial de Colegios del Mundo del IB que gozan de gran prestigio y trabajan conjuntamente para compartir sus mejores pr\u00e1cticas. Entre los programas del IB, est\u00e1n:<\/p>\n\n\n\n<div class=\"wp-block-group has-global-padding is-layout-constrained wp-block-group-is-layout-constrained\">\n<div class=\"wp-block-media-text is-stacked-on-mobile\"><figure class=\"wp-block-media-text__media\"><img loading=\"lazy\" decoding=\"async\" width=\"481\" height=\"189\" src=\"https:\/\/lpv.edu.co\/web\/wp-content\/uploads\/2024\/04\/PYP-Program.png\" alt=\"\" class=\"wp-image-380 size-full\" srcset=\"https:\/\/liceopinoverde.edu.co\/wp-content\/uploads\/2024\/04\/PYP-Program.png 481w, https:\/\/liceopinoverde.edu.co\/wp-content\/uploads\/2024\/04\/PYP-Program-300x118.png 300w\" sizes=\"auto, (max-width: 481px) 100vw, 481px\" \/><\/figure><div class=\"wp-block-media-text__content\">\n<p>Programa destinado a alumnos de 3 a 12 a\u00f1os y les permite formarse y desarrollarse para expresar sus opiniones, realizar elecciones y asumir responsabilidades respecto de su propio aprendizaje.<\/p>\n<\/div><\/div>\n\n\n\n<div class=\"wp-block-media-text is-stacked-on-mobile\"><figure class=\"wp-block-media-text__media\"><img loading=\"lazy\" decoding=\"async\" width=\"481\" height=\"189\" src=\"https:\/\/lpv.edu.co\/web\/wp-content\/uploads\/2024\/05\/MYP-Program.png\" alt=\"\" class=\"wp-image-1105 size-full\" srcset=\"https:\/\/liceopinoverde.edu.co\/wp-content\/uploads\/2024\/05\/MYP-Program.png 481w, https:\/\/liceopinoverde.edu.co\/wp-content\/uploads\/2024\/05\/MYP-Program-300x118.png 300w\" sizes=\"auto, (max-width: 481px) 100vw, 481px\" \/><\/figure><div class=\"wp-block-media-text__content\">\n<p>El Programa de los A\u00f1os Intermedios (PAI) del Bachillerato Internacional (IB) es un marco acad\u00e9mico riguroso que anima a los alumnos de 11 a 16 a\u00f1os a establecer conexiones pr\u00e1cticas entre sus estudios y el mundo real.<\/p>\n<\/div><\/div>\n\n\n\n<div class=\"wp-block-media-text is-stacked-on-mobile\"><figure class=\"wp-block-media-text__media\"><img loading=\"lazy\" decoding=\"async\" width=\"481\" height=\"189\" src=\"https:\/\/lpv.edu.co\/web\/wp-content\/uploads\/2024\/04\/DP-Program.png\" alt=\"\" class=\"wp-image-381 size-full\" srcset=\"https:\/\/liceopinoverde.edu.co\/wp-content\/uploads\/2024\/04\/DP-Program.png 481w, https:\/\/liceopinoverde.edu.co\/wp-content\/uploads\/2024\/04\/DP-Program-300x118.png 300w\" sizes=\"auto, (max-width: 481px) 100vw, 481px\" \/><\/figure><div class=\"wp-block-media-text__content\">\n<p>Programa destinado a alumnos de 16 a 19 a\u00f1os quienes cursan sus \u00faltimos a\u00f1os y tiene como objetivo formar estudiantes que logren una excelente amplitud y profundidad en sus conocimientos, al tiempo que crezcan f\u00edsica, intelectual, emocional y \u00e9ticamente.<\/p>\n<\/div><\/div>\n\n\n\n<div class=\"wp-block-media-text is-stacked-on-mobile\"><figure class=\"wp-block-media-text__media\"><a href=\"https:\/\/ibo.org\/es\/programmes\/find-an-ib-school\/ibla\/l\/liceo-pino-verde\/\"><img loading=\"lazy\" decoding=\"async\" width=\"714\" height=\"637\" src=\"https:\/\/lpv.edu.co\/web\/wp-content\/uploads\/2024\/06\/find_ib_world_school.png\" alt=\"\" class=\"wp-image-1409 size-full\" srcset=\"https:\/\/liceopinoverde.edu.co\/wp-content\/uploads\/2024\/06\/find_ib_world_school.png 714w, https:\/\/liceopinoverde.edu.co\/wp-content\/uploads\/2024\/06\/find_ib_world_school-300x268.png 300w\" sizes=\"auto, (max-width: 714px) 100vw, 714px\" \/><\/a><\/figure><div class=\"wp-block-media-text__content\">\n<p class=\"has-contrast-2-color has-text-color has-link-color wp-elements-ed415ea6d8f8a35c5434281d3e3fd5cb\">El IB forma a alumnos con una actitud de aprendizaje durante toda la vida equipados para progresar y marcar la diferencia. <a href=\"https:\/\/ibo.org\/es\/programmes\/find-an-ib-school\/ibla\/l\/liceo-pino-verde\/\" target=\"_blank\" rel=\"noreferrer noopener\"><strong>\u00a1Somos Colegio del Mundo del IB! <\/strong><\/a><\/p>\n<\/div><\/div>\n<\/div>\n<\/div>\n\n\n\n<div style=\"height:100px\" aria-hidden=\"true\" class=\"wp-block-spacer\"><\/div>\n","protected":false},"excerpt":{"rendered":"<p>Desde el 2013, Liceo Pino Verde forma parte de los colegios del mundo de la Organizaci\u00f3n del Bachillerato Internacional (IB &#8211; International Baccalaureate). El IB es una fundaci\u00f3n educativa mundial creada en 1968 en Suiza, la cual ofrece programas educativos de gran calidad que apoyan la formaci\u00f3n de alumnos informados y \u00e1vidos de conocimiento, actividades [&hellip;]<\/p>\n","protected":false},"author":1,"featured_media":1110,"parent":9,"menu_order":0,"comment_status":"closed","ping_status":"closed","template":"","meta":{"footnotes":""},"class_list":["post-32","page","type-page","status-publish","has-post-thumbnail","hentry"],"jetpack_sharing_enabled":true,"_links":{"self":[{"href":"https:\/\/liceopinoverde.edu.co\/index.php\/wp-json\/wp\/v2\/pages\/32","targetHints":{"allow":["GET"]}}],"collection":[{"href":"https:\/\/liceopinoverde.edu.co\/index.php\/wp-json\/wp\/v2\/pages"}],"about":[{"href":"https:\/\/liceopinoverde.edu.co\/index.php\/wp-json\/wp\/v2\/types\/page"}],"author":[{"embeddable":true,"href":"https:\/\/liceopinoverde.edu.co\/index.php\/wp-json\/wp\/v2\/users\/1"}],"replies":[{"embeddable":true,"href":"https:\/\/liceopinoverde.edu.co\/index.php\/wp-json\/wp\/v2\/comments?post=32"}],"version-history":[{"count":29,"href":"https:\/\/liceopinoverde.edu.co\/index.php\/wp-json\/wp\/v2\/pages\/32\/revisions"}],"predecessor-version":[{"id":2703,"href":"https:\/\/liceopinoverde.edu.co\/index.php\/wp-json\/wp\/v2\/pages\/32\/revisions\/2703"}],"up":[{"embeddable":true,"href":"https:\/\/liceopinoverde.edu.co\/index.php\/wp-json\/wp\/v2\/pages\/9"}],"wp:featuredmedia":[{"embeddable":true,"href":"https:\/\/liceopinoverde.edu.co\/index.php\/wp-json\/wp\/v2\/media\/1110"}],"wp:attachment":[{"href":"https:\/\/liceopinoverde.edu.co\/index.php\/wp-json\/wp\/v2\/media?parent=32"}],"curies":[{"name":"wp","href":"https:\/\/api.w.org\/{rel}","templated":true}]}}