{"id":627,"date":"2024-04-19T11:03:13","date_gmt":"2024-04-19T16:03:13","guid":{"rendered":"https:\/\/lpv.edu.co\/web\/?page_id=627"},"modified":"2025-05-06T13:15:37","modified_gmt":"2025-05-06T18:15:37","slug":"little-school","status":"publish","type":"page","link":"https:\/\/liceopinoverde.edu.co\/index.php\/little-school\/","title":{"rendered":"Little School"},"content":{"rendered":"\n<div class=\"wp-block-group alignfull bg-pattern has-base-color has-accent-background-color has-text-color has-background has-link-color wp-elements-57587dd4baad26dee21cabbb3ef298e8 has-global-padding is-layout-constrained wp-container-core-group-is-layout-1 wp-block-group-is-layout-constrained\" style=\"margin-top:0;margin-bottom:0;padding-top:var(--wp--preset--spacing--40);padding-right:var(--wp--preset--spacing--40);padding-bottom:var(--wp--preset--spacing--40);padding-left:var(--wp--preset--spacing--40)\">\n<p class=\"has-heading-font-family has-x-large-font-size\" style=\"line-height:1.2\">Abre sus puertas desde el grado Kinder 2 (a partir de los 18 meses) hasta el grado Primero.<\/p>\n\n\n\n<div aria-hidden=\"true\" class=\"wp-block-spacer\"><\/div>\n\n\n\n<figure class=\"wp-block-image alignwide size-large is-style-rounded is-style-rounded--1\"><img loading=\"lazy\" decoding=\"async\" width=\"1024\" height=\"683\" src=\"https:\/\/lpv.edu.co\/web\/wp-content\/uploads\/2024\/04\/DSC_3739-scaled-1-1024x683.jpg\" alt=\"\" class=\"wp-image-636\" srcset=\"https:\/\/liceopinoverde.edu.co\/wp-content\/uploads\/2024\/04\/DSC_3739-scaled-1-1024x683.jpg 1024w, https:\/\/liceopinoverde.edu.co\/wp-content\/uploads\/2024\/04\/DSC_3739-scaled-1-300x200.jpg 300w, https:\/\/liceopinoverde.edu.co\/wp-content\/uploads\/2024\/04\/DSC_3739-scaled-1-768x512.jpg 768w, https:\/\/liceopinoverde.edu.co\/wp-content\/uploads\/2024\/04\/DSC_3739-scaled-1-1536x1025.jpg 1536w, https:\/\/liceopinoverde.edu.co\/wp-content\/uploads\/2024\/04\/DSC_3739-scaled-1-2048x1366.jpg 2048w\" sizes=\"auto, (max-width: 1024px) 100vw, 1024px\" \/><\/figure>\n<\/div>\n\n\n\n<div class=\"wp-block-group bg-texture-lpv-right has-global-padding is-layout-constrained wp-block-group-is-layout-constrained\">\n<div class=\"wp-block-group school-program-ib-block is-layout-flow wp-block-group-is-layout-flow\">\n<div class=\"wp-block-group has-global-padding is-layout-constrained wp-block-group-is-layout-constrained\" style=\"padding-top:var(--wp--preset--spacing--40);padding-bottom:var(--wp--preset--spacing--40)\">\n<h2 class=\"wp-block-heading has-text-align-center\">Somos Colegio del Mundo del IB<\/h2>\n\n\n\n<figure class=\"wp-block-image aligncenter\"><img loading=\"lazy\" decoding=\"async\" width=\"481\" height=\"189\" src=\"https:\/\/lpv.edu.co\/web\/wp-content\/uploads\/2024\/04\/PYP-Program.png\" alt=\"\" class=\"wp-image-380\" srcset=\"https:\/\/liceopinoverde.edu.co\/wp-content\/uploads\/2024\/04\/PYP-Program.png 481w, https:\/\/liceopinoverde.edu.co\/wp-content\/uploads\/2024\/04\/PYP-Program-300x118.png 300w\" sizes=\"auto, (max-width: 481px) 100vw, 481px\" \/><\/figure>\n\n\n\n<p>Programa destinado a alumnos de 3 a 12 a\u00f1os y les permite formarse y desarrollarse para expresar sus opiniones, realizar elecciones y asumir responsabilidades respecto de su propio aprendizaje.<\/p>\n<\/div>\n<\/div>\n\n\n\n<div class=\"wp-block-group has-global-padding is-layout-constrained wp-block-group-is-layout-constrained\">\n<p class=\"has-body-font-family has-x-large-font-size\" style=\"line-height:1.2\">Se alienta a los estudiantes a hacer preguntas, reflexionar y actualizar su comprensi\u00f3n de la sociedad y el mundo que los rodea.<\/p>\n\n\n\n<div class=\"wp-block-columns is-layout-flex wp-container-core-columns-is-layout-1 wp-block-columns-is-layout-flex\">\n<div class=\"wp-block-column is-layout-flow wp-block-column-is-layout-flow\">\n<p>En los primeros a\u00f1os de preescolar, los estudiantes participan en experiencias de aprendizaje basadas en la investigaci\u00f3n que los involucran en el proceso de aprendizaje. <\/p>\n<\/div>\n\n\n\n<div class=\"wp-block-column is-layout-flow wp-block-column-is-layout-flow\">\n<p>Los maestros ayudan a los estudiantes a construir el significado del mundo que los rodea: aprovechando sus conocimientos previos, brindando nuevas experiencias y brindando oportunidades para la reflexi\u00f3n y la consolidaci\u00f3n del aprendizaje.<\/p>\n<\/div>\n<\/div>\n<\/div>\n<\/div>\n\n\n\n<div class=\"wp-block-cover alignfull is-light has-parallax\" style=\"padding-top:var(--wp--preset--spacing--50);padding-right:var(--wp--preset--spacing--50);padding-bottom:var(--wp--preset--spacing--50);padding-left:var(--wp--preset--spacing--50);min-height:100vh;aspect-ratio:unset;\"><span aria-hidden=\"true\" class=\"wp-block-cover__background has-base-background-color has-background-dim-0 has-background-dim\"><\/span><div class=\"wp-block-cover__image-background wp-image-637 has-parallax\" style=\"background-position:50% 50%;background-image:url(https:\/\/lpv.edu.co\/web\/wp-content\/uploads\/2024\/04\/DSC_1064-scaled-1.jpg)\"><\/div><div class=\"wp-block-cover__inner-container has-global-padding is-layout-constrained wp-container-core-cover-is-layout-1 wp-block-cover-is-layout-constrained\">\n<div style=\"height:500px\" aria-hidden=\"true\" class=\"wp-block-spacer\"><\/div>\n<\/div><\/div>\n\n\n\n<div class=\"wp-block-group alignfull bg-pattern has-base-color has-accent-background-color has-text-color has-background has-link-color wp-elements-2b565048bc265ebccd4284a0949b7edf has-global-padding is-layout-constrained wp-container-core-group-is-layout-7 wp-block-group-is-layout-constrained\" style=\"margin-top:0;margin-bottom:0;padding-top:var(--wp--preset--spacing--60);padding-right:var(--wp--preset--spacing--60);padding-bottom:var(--wp--preset--spacing--60);padding-left:var(--wp--preset--spacing--60)\">\n<div class=\"wp-block-group alignwide is-layout-flow wp-block-group-is-layout-flow\">\n<div style=\"height:var(--wp--preset--spacing--50)\" aria-hidden=\"true\" class=\"wp-block-spacer\"><\/div>\n\n\n\n<p class=\"has-text-align-center has-heading-font-family has-x-large-font-size\" style=\"font-style:normal;font-weight:400;line-height:1.2\">Los estudiantes son miembros activos en su aprendizaje.<\/p>\n\n\n\n<div style=\"height:var(--wp--preset--spacing--50)\" aria-hidden=\"true\" class=\"wp-block-spacer\"><\/div>\n<\/div>\n<\/div>\n\n\n\n<div style=\"height:32px\" aria-hidden=\"true\" class=\"wp-block-spacer wave-bottom-green bg-white\"><\/div>\n\n\n\n<div class=\"wp-block-group alignfull bg-texture-lpv-left has-global-padding is-layout-constrained wp-block-group-is-layout-constrained\">\n<div class=\"wp-block-group alignfull has-global-padding is-layout-constrained wp-container-core-group-is-layout-8 wp-block-group-is-layout-constrained\" style=\"margin-top:0;margin-bottom:0;padding-top:var(--wp--preset--spacing--50);padding-right:var(--wp--preset--spacing--50);padding-bottom:var(--wp--preset--spacing--50);padding-left:var(--wp--preset--spacing--50)\">\n<figure class=\"wp-block-image alignwide size-large is-style-rounded is-style-rounded--2\"><img loading=\"lazy\" decoding=\"async\" width=\"1024\" height=\"683\" src=\"https:\/\/lpv.edu.co\/web\/wp-content\/uploads\/2024\/05\/2-4-1024x683.jpg\" alt=\"\" class=\"wp-image-1112\" srcset=\"https:\/\/liceopinoverde.edu.co\/wp-content\/uploads\/2024\/05\/2-4-1024x683.jpg 1024w, https:\/\/liceopinoverde.edu.co\/wp-content\/uploads\/2024\/05\/2-4-300x200.jpg 300w, https:\/\/liceopinoverde.edu.co\/wp-content\/uploads\/2024\/05\/2-4-768x512.jpg 768w, https:\/\/liceopinoverde.edu.co\/wp-content\/uploads\/2024\/05\/2-4-1536x1025.jpg 1536w, https:\/\/liceopinoverde.edu.co\/wp-content\/uploads\/2024\/05\/2-4.jpg 1619w\" sizes=\"auto, (max-width: 1024px) 100vw, 1024px\" \/><\/figure>\n<\/div>\n\n\n\n<div class=\"wp-block-group has-global-padding is-layout-constrained wp-block-group-is-layout-constrained\">\n<p class=\"has-x-large-font-size\" style=\"line-height:1.2\">A trav\u00e9s del juego y la exploraci\u00f3n, los estudiantes aprenden a investigar mientras construyen y prueban teor\u00edas para ayudar a dar sentido al mundo que los rodea.<\/p>\n\n\n\n<div style=\"height:48px\" aria-hidden=\"true\" class=\"wp-block-spacer\"><\/div>\n\n\n\n<div class=\"wp-block-columns is-layout-flex wp-container-core-columns-is-layout-2 wp-block-columns-is-layout-flex\">\n<div class=\"wp-block-column is-layout-flow wp-block-column-is-layout-flow\">\n<p class=\"has-large-font-size\" style=\"font-style:normal;font-weight:500;line-height:1.2\">Enfoque de Ense\u00f1anza<\/p>\n\n\n\n<p class=\"has-medium-font-size\">En un entorno de aprendizaje transdisciplinario, los estudiantes aprenden a trav\u00e9s de actividades aut\u00e9nticas y relevantes en todas las materias dentro de un contexto determinado y desarrollan agencia a medida que participan activamente en el aprendizaje, estableciendo conexiones entre los conceptos aprendidos del mundo que los rodea y aplicando conocimiento de forma independiente.<\/p>\n<\/div>\n\n\n\n<div class=\"wp-block-column is-layout-flow wp-block-column-is-layout-flow\">\n<p class=\"has-large-font-size\" style=\"font-style:normal;font-weight:500;line-height:1.2\">Nuestros estudiantes<\/p>\n\n\n\n<p>Los maestros hacen preguntas y crean experiencias para facilitar el aprendizaje basado en los resultados deseados. El ni\u00f1o, los entornos de aprendizaje y el poder del juego, son el veh\u00edculo principal para la indagaci\u00f3n, los cuales apoyan oportunidades reflexivas e intencionales; el aprendizaje pr\u00e1ctico y la construcci\u00f3n de saberes entre maestros y los ni\u00f1os.<\/p>\n<\/div>\n<\/div>\n<\/div>\n\n\n\n<div class=\"wp-block-group school-level-equivalence-block has-global-padding is-layout-constrained wp-block-group-is-layout-constrained\">\n<h2 class=\"wp-block-heading\">Equivalencia y Alineaci\u00f3n Curricular<\/h2>\n\n\n\n<p>La nomenclatura del Liceo Pino Verde est\u00e1 dise\u00f1ada para alinear los programas acad\u00e9micos con los est\u00e1ndares del Bachillerato Internacional (IB), al tiempo que se cumplen con los requisitos establecidos por el Ministerio de Educaci\u00f3n Nacional (MEN). Esta integraci\u00f3n asegura que los estudiantes reciban una educaci\u00f3n de calidad que cumpla con los est\u00e1ndares globales y nacionales. A continuaci\u00f3n, presentamos la equivalencia de grados entre el Ministerio de Educaci\u00f3n Nacional (MEN), el Liceo Pino Verde y el Bachillerato Internacional (IB):<\/p>\n\n\n\n<figure data-wp-context=\"{&quot;imageId&quot;:&quot;69e03f3adaeb6&quot;}\" data-wp-interactive=\"core\/image\" class=\"wp-block-image size-large wp-lightbox-container\"><img loading=\"lazy\" decoding=\"async\" width=\"1024\" height=\"683\" data-wp-class--hide=\"state.isContentHidden\" data-wp-class--show=\"state.isContentVisible\" data-wp-init=\"callbacks.setButtonStyles\" data-wp-on-async--click=\"actions.showLightbox\" data-wp-on-async--load=\"callbacks.setButtonStyles\" data-wp-on-async-window--resize=\"callbacks.setButtonStyles\" src=\"https:\/\/lpv.edu.co\/web\/wp-content\/uploads\/2024\/08\/men_lpv_ib_table-1024x683.png\" alt=\"\" class=\"wp-image-2828\" srcset=\"https:\/\/liceopinoverde.edu.co\/wp-content\/uploads\/2024\/08\/men_lpv_ib_table-1024x683.png 1024w, https:\/\/liceopinoverde.edu.co\/wp-content\/uploads\/2024\/08\/men_lpv_ib_table-300x200.png 300w, https:\/\/liceopinoverde.edu.co\/wp-content\/uploads\/2024\/08\/men_lpv_ib_table-768x512.png 768w, https:\/\/liceopinoverde.edu.co\/wp-content\/uploads\/2024\/08\/men_lpv_ib_table.png 1347w\" sizes=\"auto, (max-width: 1024px) 100vw, 1024px\" \/><button\n\t\t\tclass=\"lightbox-trigger\"\n\t\t\ttype=\"button\"\n\t\t\taria-haspopup=\"dialog\"\n\t\t\taria-label=\"Ampliar la imagen\"\n\t\t\tdata-wp-init=\"callbacks.initTriggerButton\"\n\t\t\tdata-wp-on-async--click=\"actions.showLightbox\"\n\t\t\tdata-wp-style--right=\"state.imageButtonRight\"\n\t\t\tdata-wp-style--top=\"state.imageButtonTop\"\n\t\t>\n\t\t\t<svg xmlns=\"http:\/\/www.w3.org\/2000\/svg\" width=\"12\" height=\"12\" fill=\"none\" viewBox=\"0 0 12 12\">\n\t\t\t\t<path fill=\"#fff\" d=\"M2 0a2 2 0 0 0-2 2v2h1.5V2a.5.5 0 0 1 .5-.5h2V0H2Zm2 10.5H2a.5.5 0 0 1-.5-.5V8H0v2a2 2 0 0 0 2 2h2v-1.5ZM8 12v-1.5h2a.5.5 0 0 0 .5-.5V8H12v2a2 2 0 0 1-2 2H8Zm2-12a2 2 0 0 1 2 2v2h-1.5V2a.5.5 0 0 0-.5-.5H8V0h2Z\" \/>\n\t\t\t<\/svg>\n\t\t<\/button><\/figure>\n<\/div>\n<\/div>\n\n\n\n<div style=\"height:100px\" aria-hidden=\"true\" class=\"wp-block-spacer\"><\/div>\n","protected":false},"excerpt":{"rendered":"<p>Abre sus puertas desde el grado Kinder 2 (a partir de los 18 meses) hasta el grado Primero. Somos Colegio del Mundo del IB Programa destinado a alumnos de 3 a 12 a\u00f1os y les permite formarse y desarrollarse para expresar sus opiniones, realizar elecciones y asumir responsabilidades respecto de su propio aprendizaje. Se alienta [&hellip;]<\/p>\n","protected":false},"author":1,"featured_media":629,"parent":0,"menu_order":0,"comment_status":"closed","ping_status":"closed","template":"","meta":{"footnotes":""},"class_list":["post-627","page","type-page","status-publish","has-post-thumbnail","hentry"],"jetpack_sharing_enabled":true,"_links":{"self":[{"href":"https:\/\/liceopinoverde.edu.co\/index.php\/wp-json\/wp\/v2\/pages\/627","targetHints":{"allow":["GET"]}}],"collection":[{"href":"https:\/\/liceopinoverde.edu.co\/index.php\/wp-json\/wp\/v2\/pages"}],"about":[{"href":"https:\/\/liceopinoverde.edu.co\/index.php\/wp-json\/wp\/v2\/types\/page"}],"author":[{"embeddable":true,"href":"https:\/\/liceopinoverde.edu.co\/index.php\/wp-json\/wp\/v2\/users\/1"}],"replies":[{"embeddable":true,"href":"https:\/\/liceopinoverde.edu.co\/index.php\/wp-json\/wp\/v2\/comments?post=627"}],"version-history":[{"count":83,"href":"https:\/\/liceopinoverde.edu.co\/index.php\/wp-json\/wp\/v2\/pages\/627\/revisions"}],"predecessor-version":[{"id":7054,"href":"https:\/\/liceopinoverde.edu.co\/index.php\/wp-json\/wp\/v2\/pages\/627\/revisions\/7054"}],"wp:featuredmedia":[{"embeddable":true,"href":"https:\/\/liceopinoverde.edu.co\/index.php\/wp-json\/wp\/v2\/media\/629"}],"wp:attachment":[{"href":"https:\/\/liceopinoverde.edu.co\/index.php\/wp-json\/wp\/v2\/media?parent=627"}],"curies":[{"name":"wp","href":"https:\/\/api.w.org\/{rel}","templated":true}]}}